{"id":161,"date":"2017-02-15T02:12:42","date_gmt":"2017-02-15T02:12:42","guid":{"rendered":"https:\/\/goranpirs.photo\/wp67\/?page_id=161"},"modified":"2024-09-27T13:03:40","modified_gmt":"2024-09-27T12:03:40","slug":"obiteljsko-fotografiranje","status":"publish","type":"page","link":"https:\/\/goranpirs.photo\/wp67\/obiteljsko-fotografiranje\/","title":{"rendered":"Obiteljsko fotografiranje"},"content":{"rendered":"\n<p class=\"wp-block-flo-flo-flex-builder flo-render\"><\/p>\n\n\n<div\nclass=\"\n\t\tflo-block\n\t\tflo-block-text flo-block-text--align-center\" style=\"\n\t\t--block-width:100%;\n    --top-margin: 0px;\n    --bottom-margin: 0px;\n    --mobile-top-margin: 0px;\n    --mobile-bottom-margin: 0px;\n    --elements-color: var(--scheme_1--text--default);\n    --pre-title-color: var(--scheme_1--overline--default);\n    --pre-title-font-style : normal;--pre-title-font-weight : regular;--pre-title-font-family : Open Sans;--pre-title-line-height : 1;--pre-title-font-size : 1em;--pre-title-letter-spacing : 0em;    --title-font-style : normal;--title-font-weight : regular;--title-font-family : Open Sans;--title-line-height : 1;--title-font-size : 1em;--title-letter-spacing : 0em;    --sub-title-font-style : normal;--sub-title-font-weight : regular;--sub-title-font-family : Open Sans;--sub-title-line-height : 1;--sub-title-font-size : 1em;--sub-title-letter-spacing : 0em;    --text-font-style : normal;--text-font-weight : regular;--text-font-family : Open Sans;--text-line-height : 1;--text-font-size : 1em;--text-letter-spacing : 0em;    \" >\n\t\t<div class=\"flo-block-text--wrap\">\n    \t\t\t<h4 class=\"flo-block-text__pretitle\" data-font=\"\">uspomene koje ne blijede<\/h4>\n                <h1 class=\"flo-block-text__title\" data-font=\"\">Obiteljsko fotografiranje &#8211; Zagreb<\/h1>\n        \t\t\t<h3 class=\"flo-block-text__subtitle\" data-font=\"\">najsla\u0111i su kad su mali<\/h3>\n                <div class=\"flo-block-text__text-wrapper\">\n            <div class=\"flo-block-text__text\" data-font=\"\">\n                Djeca brzo rastu i brzo se mijenjaju, zato je obiteljsko fotografiranje\u00a0toliko bitno. S djecom rastemo i mijenjamo se i mi, mijenja se i raste na\u0161 odnos, mijenja se i raste cijela obitelj. Na\u017ealost, malo je fotografija na kojima se djeca nalaze s najva\u017enijim ljudima u svom \u017eivotu, roditeljima. Roditelji su uglavnom zauzeti iza fotoaparata, hvataju trenutak, onaj trenutak u kojem bi trebali sudjelovati.<br>Obiteljskog fotografa obi\u010dno tra\u017eimo samo za posebne trenutke \u2013 <a href=\"https:\/\/goranpirs.photo\/wp67\/gallery\/fotkanje-krstitki-marija\/\">kr\u0161tenja<\/a>, pri\u010desti, krizme,ro\u0111endane \u2013 ali \u0161to je s onim izme\u0111u? Za\u0161to ne dokumentirati toplinu doma, svakodnevne dogodov\u0161tine, \u0161alu i dru\u017eenje? <a href=\"https:\/\/goranpirs.photo\/wp67\/gallery\/korina-voli-maksimir\/\">Obiteljske fotografije<\/a> uspomene su za cijeli \u017eivot i vrijedno naslije\u0111e budu\u0107im generacijama i zato se za njih isplati odvojiti vrijeme i izdvojiti sredstva.<br>Obiteljski fotograf zna da su spontani trenuci neponovljivi, zna kako uhvatiti onaj djeli\u0107 sekunde \u2013 osmijeh, pogled pun povjerenja i radost. Daje vam vrijeme da se fokusirate jedni na druge, stvarate lijepa sje\u0107anja u opu\u0161tenom i prirodnom okru\u017eenju. Fotografira vas u toplini va\u0161eg obiteljskog doma, u igri na igrali\u0161tu, u \u0161etnji parkom\u2026 Va\u017eno je da ste svi na broju, lijepi, veseli, ba\u0161 onakvi kakvi doista jeste.<br>Fotografije su na\u0161a pri\u010da, na\u0161a ostav\u0161tina, na\u0161 vremeplov, a fotografije obitelji pru\u017eaju nam toplinu, sigurnost, radost \u2013 osje\u0107aj doma koji nosimo sa sobom kamo god da jednog dana po\u0161li.<br><br>Cijene fotkanja su:<br><strong>45 min &#8211; 40+ probranih obra\u0111enih fotkica &#8211; 100\u20ac<\/strong><br><strong>1h &#8211; 60+ probranih obra\u0111enih fotkica  &#8211; 120 \u20ac<\/strong><br><br>U opciji od 1h se klinci stignu vi\u0161e opustiti i toplo ju preporu\u010dam obiteljima s troje ili vi\u0161e djece.<br><br><br>            <\/div>\n        <\/div>\n    \t<\/div>\n<\/div>\n\n\n<div class=\"\n\t\tflo-block\n\t\tflo-block-post-cards\n\tflo-block-post-cards--alternating-left\tflo-block-post-cards--not-found\t\" style=\"\n\t--gap-between-items: 2.5em;\n\t--image-height: 22.5em;\n\t--meta-color: var(--scheme_1--overline--accent);\n\t--title-color: var(--scheme_1--text--accent);\n\t--info-background-color: var(--scheme_1--background--accent);\n\t--mobile-image-height: 14.6875em;\n\t--mobile-gap-between-items: 1.25em;\n\n\t--top-margin: 0em;\n\t--bottom-margin: 0em;\n\t--mobile-top-margin: 0em;\n\t--mobile-bottom-margin: 0em;\n\t--post-title-font-style : normal;--post-title-font-weight : regular;--post-title-font-family : Open Sans;--post-title-line-height : 1;--post-title-font-size : 1em;--post-title-letter-spacing : 0em;\t--post-date-font-style : normal;--post-date-font-weight : regular;--post-date-font-family : Open Sans;--post-date-line-height : 1;--post-date-font-size : 1em;--post-date-letter-spacing : 0em;\t--post-taxonomy-font-style : normal;--post-taxonomy-font-weight : regular;--post-taxonomy-font-family : Open Sans;--post-taxonomy-line-height : 1;--post-taxonomy-font-size : 1em;--post-taxonomy-letter-spacing : 0em;\t \" >\n\t\n\t\t\t<h1>Not Found.<\/h1>\n\t\t\t<br>\n\t\t\t<h3>We couldn&#8217;t find what you were looking for.<\/h3>\n\t\t\t<br>\n\t\t\t<a href=\"https:\/\/goranpirs.photo\/wp67\"> Check out Our Home Page <\/a>\n\t\t\t<\/div>\n","protected":false},"excerpt":{"rendered":"","protected":false},"author":1,"featured_media":1860,"parent":0,"menu_order":0,"comment_status":"closed","ping_status":"closed","template":"","meta":{"_kad_blocks_custom_css":"","_kad_blocks_head_custom_js":"","_kad_blocks_body_custom_js":"","_kad_blocks_footer_custom_js":"","_kadence_starter_templates_imported_post":false,"_kad_post_transparent":"","_kad_post_title":"","_kad_post_layout":"","_kad_post_sidebar_id":"","_kad_post_content_style":"","_kad_post_vertical_padding":"","_kad_post_feature":"","_kad_post_feature_position":"","_kad_post_header":false,"_kad_post_footer":false,"_kad_post_classname":"","footnotes":""},"class_list":["post-161","page","type-page","status-publish","has-post-thumbnail","hentry"],"fbg_featured_image_src":{"full":["https:\/\/goranpirs.photo\/wp67\/wp-content\/uploads\/2020\/09\/jesensko_obiteljsko_fotografiranje-0003-e1644315289468.jpg",800,533,false],"thumbnail":["https:\/\/goranpirs.photo\/wp67\/wp-content\/uploads\/2020\/09\/jesensko_obiteljsko_fotografiranje-0003-150x150.jpg",150,150,true],"medium":["https:\/\/goranpirs.photo\/wp67\/wp-content\/uploads\/2020\/09\/jesensko_obiteljsko_fotografiranje-0003-300x200.jpg",300,200,true],"medium_large":["https:\/\/goranpirs.photo\/wp67\/wp-content\/uploads\/2020\/09\/jesensko_obiteljsko_fotografiranje-0003-768x512.jpg",768,512,true],"large":["https:\/\/goranpirs.photo\/wp67\/wp-content\/uploads\/2020\/09\/jesensko_obiteljsko_fotografiranje-0003-1024x683.jpg",1024,683,true],"1536x1536":["https:\/\/goranpirs.photo\/wp67\/wp-content\/uploads\/2020\/09\/jesensko_obiteljsko_fotografiranje-0003-1536x1024.jpg",1536,1024,true],"2048x2048":["https:\/\/goranpirs.photo\/wp67\/wp-content\/uploads\/2020\/09\/jesensko_obiteljsko_fotografiranje-0003-e1644315289468.jpg",800,533,false]},"fbg_excerpt":null,"yoast_head":"<!-- This site is optimized with the Yoast SEO plugin v27.1.1 - https:\/\/yoast.com\/product\/yoast-seo-wordpress\/ -->\n<title>Obiteljsko fotografiranje, fotkanje trudnica, beba, novoro\u0111en\u010dadi<\/title>\n<meta name=\"description\" content=\"Obiteljsko fotografiranje, fotkanje beba, trudnica, ro\u0111endana, fotografiranje kr\u0161tenja... Lovim spontane trenutke, emocije, pri\u010dam pri\u010du...\" \/>\n<meta name=\"robots\" content=\"noindex, follow, max-snippet:-1, max-image-preview:large, max-video-preview:-1\" \/>\n<meta property=\"og:locale\" content=\"en_US\" \/>\n<meta property=\"og:type\" content=\"article\" \/>\n<meta property=\"og:title\" content=\"Obiteljsko fotografiranje, fotkanje trudnica, beba, novoro\u0111en\u010dadi\" \/>\n<meta property=\"og:description\" content=\"Obiteljsko fotografiranje, fotkanje beba, trudnica, ro\u0111endana, fotografiranje kr\u0161tenja... Lovim spontane trenutke, emocije, pri\u010dam pri\u010du...\" \/>\n<meta property=\"og:url\" content=\"https:\/\/goranpirs.photo\/wp67\/obiteljsko-fotografiranje\/\" \/>\n<meta property=\"og:site_name\" content=\"Goran Pir\u0161\" \/>\n<meta property=\"article:publisher\" content=\"https:\/\/www.facebook.com\/goran.pirsh\" \/>\n<meta property=\"article:modified_time\" content=\"2024-09-27T12:03:40+00:00\" \/>\n<meta property=\"og:image\" content=\"https:\/\/goranpirs.photo\/wp67\/wp-content\/uploads\/2020\/09\/jesensko_obiteljsko_fotografiranje-0003-e1644315289468.jpg\" \/>\n\t<meta property=\"og:image:width\" content=\"800\" \/>\n\t<meta property=\"og:image:height\" content=\"533\" \/>\n\t<meta property=\"og:image:type\" content=\"image\/jpeg\" \/>\n<meta name=\"twitter:card\" content=\"summary_large_image\" \/>\n<meta name=\"twitter:label1\" content=\"Est. reading time\" \/>\n\t<meta name=\"twitter:data1\" content=\"2 minutes\" \/>\n<script type=\"application\/ld+json\" class=\"yoast-schema-graph\">{\"@context\":\"https:\/\/schema.org\",\"@graph\":[{\"@type\":\"WebPage\",\"@id\":\"https:\/\/goranpirs.photo\/wp67\/obiteljsko-fotografiranje\/\",\"url\":\"https:\/\/goranpirs.photo\/wp67\/obiteljsko-fotografiranje\/\",\"name\":\"Obiteljsko fotografiranje, fotkanje trudnica, beba, novoro\u0111en\u010dadi\",\"isPartOf\":{\"@id\":\"https:\/\/goranpirs.photo\/wp67\/#website\"},\"primaryImageOfPage\":{\"@id\":\"https:\/\/goranpirs.photo\/wp67\/obiteljsko-fotografiranje\/#primaryimage\"},\"image\":{\"@id\":\"https:\/\/goranpirs.photo\/wp67\/obiteljsko-fotografiranje\/#primaryimage\"},\"thumbnailUrl\":\"https:\/\/goranpirs.photo\/wp67\/wp-content\/uploads\/2020\/09\/jesensko_obiteljsko_fotografiranje-0003-e1644315289468.jpg\",\"datePublished\":\"2017-02-15T02:12:42+00:00\",\"dateModified\":\"2024-09-27T12:03:40+00:00\",\"description\":\"Obiteljsko fotografiranje, fotkanje beba, trudnica, ro\u0111endana, fotografiranje kr\u0161tenja... Lovim spontane trenutke, emocije, pri\u010dam pri\u010du...\",\"breadcrumb\":{\"@id\":\"https:\/\/goranpirs.photo\/wp67\/obiteljsko-fotografiranje\/#breadcrumb\"},\"inLanguage\":\"en-US\",\"potentialAction\":[{\"@type\":\"ReadAction\",\"target\":[\"https:\/\/goranpirs.photo\/wp67\/obiteljsko-fotografiranje\/\"]}]},{\"@type\":\"ImageObject\",\"inLanguage\":\"en-US\",\"@id\":\"https:\/\/goranpirs.photo\/wp67\/obiteljsko-fotografiranje\/#primaryimage\",\"url\":\"https:\/\/goranpirs.photo\/wp67\/wp-content\/uploads\/2020\/09\/jesensko_obiteljsko_fotografiranje-0003-e1644315289468.jpg\",\"contentUrl\":\"https:\/\/goranpirs.photo\/wp67\/wp-content\/uploads\/2020\/09\/jesensko_obiteljsko_fotografiranje-0003-e1644315289468.jpg\",\"width\":800,\"height\":533,\"caption\":\"jesensko obiteljsko fotografiranje 0003\"},{\"@type\":\"BreadcrumbList\",\"@id\":\"https:\/\/goranpirs.photo\/wp67\/obiteljsko-fotografiranje\/#breadcrumb\",\"itemListElement\":[{\"@type\":\"ListItem\",\"position\":1,\"name\":\"Home\",\"item\":\"https:\/\/goranpirs.photo\/wp67\/\"},{\"@type\":\"ListItem\",\"position\":2,\"name\":\"Obiteljsko fotografiranje\"}]},{\"@type\":\"WebSite\",\"@id\":\"https:\/\/goranpirs.photo\/wp67\/#website\",\"url\":\"https:\/\/goranpirs.photo\/wp67\/\",\"name\":\"Goran Pir\u0161\",\"description\":\"Fotograf vjen\u010danja zagreb, krstitke,  obiteljski fotograf, nektretnine, portreti, ljubimce...\",\"publisher\":{\"@id\":\"https:\/\/goranpirs.photo\/wp67\/#\/schema\/person\/2ff35888489d84412fb5030ab30f9424\"},\"potentialAction\":[{\"@type\":\"SearchAction\",\"target\":{\"@type\":\"EntryPoint\",\"urlTemplate\":\"https:\/\/goranpirs.photo\/wp67\/?s={search_term_string}\"},\"query-input\":{\"@type\":\"PropertyValueSpecification\",\"valueRequired\":true,\"valueName\":\"search_term_string\"}}],\"inLanguage\":\"en-US\"},{\"@type\":[\"Person\",\"Organization\"],\"@id\":\"https:\/\/goranpirs.photo\/wp67\/#\/schema\/person\/2ff35888489d84412fb5030ab30f9424\",\"name\":\"goran\",\"image\":{\"@type\":\"ImageObject\",\"inLanguage\":\"en-US\",\"@id\":\"https:\/\/goranpirs.photo\/wp67\/#\/schema\/person\/image\/\",\"url\":\"https:\/\/goranpirs.photo\/wp67\/wp-content\/uploads\/2022\/02\/drvo-PNG.png\",\"contentUrl\":\"https:\/\/goranpirs.photo\/wp67\/wp-content\/uploads\/2022\/02\/drvo-PNG.png\",\"width\":356,\"height\":321,\"caption\":\"goran\"},\"logo\":{\"@id\":\"https:\/\/goranpirs.photo\/wp67\/#\/schema\/person\/image\/\"},\"sameAs\":[\"https:\/\/www.facebook.com\/goran.pirsh\"]}]}<\/script>\n<!-- \/ Yoast SEO plugin. -->","yoast_head_json":{"title":"Obiteljsko fotografiranje, fotkanje trudnica, beba, novoro\u0111en\u010dadi","description":"Obiteljsko fotografiranje, fotkanje beba, trudnica, ro\u0111endana, fotografiranje kr\u0161tenja... Lovim spontane trenutke, emocije, pri\u010dam pri\u010du...","robots":{"index":"noindex","follow":"follow","max-snippet":"max-snippet:-1","max-image-preview":"max-image-preview:large","max-video-preview":"max-video-preview:-1"},"og_locale":"en_US","og_type":"article","og_title":"Obiteljsko fotografiranje, fotkanje trudnica, beba, novoro\u0111en\u010dadi","og_description":"Obiteljsko fotografiranje, fotkanje beba, trudnica, ro\u0111endana, fotografiranje kr\u0161tenja... Lovim spontane trenutke, emocije, pri\u010dam pri\u010du...","og_url":"https:\/\/goranpirs.photo\/wp67\/obiteljsko-fotografiranje\/","og_site_name":"Goran Pir\u0161","article_publisher":"https:\/\/www.facebook.com\/goran.pirsh","article_modified_time":"2024-09-27T12:03:40+00:00","og_image":[{"width":800,"height":533,"url":"https:\/\/goranpirs.photo\/wp67\/wp-content\/uploads\/2020\/09\/jesensko_obiteljsko_fotografiranje-0003-e1644315289468.jpg","type":"image\/jpeg"}],"twitter_card":"summary_large_image","twitter_misc":{"Est. reading time":"2 minutes"},"schema":{"@context":"https:\/\/schema.org","@graph":[{"@type":"WebPage","@id":"https:\/\/goranpirs.photo\/wp67\/obiteljsko-fotografiranje\/","url":"https:\/\/goranpirs.photo\/wp67\/obiteljsko-fotografiranje\/","name":"Obiteljsko fotografiranje, fotkanje trudnica, beba, novoro\u0111en\u010dadi","isPartOf":{"@id":"https:\/\/goranpirs.photo\/wp67\/#website"},"primaryImageOfPage":{"@id":"https:\/\/goranpirs.photo\/wp67\/obiteljsko-fotografiranje\/#primaryimage"},"image":{"@id":"https:\/\/goranpirs.photo\/wp67\/obiteljsko-fotografiranje\/#primaryimage"},"thumbnailUrl":"https:\/\/goranpirs.photo\/wp67\/wp-content\/uploads\/2020\/09\/jesensko_obiteljsko_fotografiranje-0003-e1644315289468.jpg","datePublished":"2017-02-15T02:12:42+00:00","dateModified":"2024-09-27T12:03:40+00:00","description":"Obiteljsko fotografiranje, fotkanje beba, trudnica, ro\u0111endana, fotografiranje kr\u0161tenja... Lovim spontane trenutke, emocije, pri\u010dam pri\u010du...","breadcrumb":{"@id":"https:\/\/goranpirs.photo\/wp67\/obiteljsko-fotografiranje\/#breadcrumb"},"inLanguage":"en-US","potentialAction":[{"@type":"ReadAction","target":["https:\/\/goranpirs.photo\/wp67\/obiteljsko-fotografiranje\/"]}]},{"@type":"ImageObject","inLanguage":"en-US","@id":"https:\/\/goranpirs.photo\/wp67\/obiteljsko-fotografiranje\/#primaryimage","url":"https:\/\/goranpirs.photo\/wp67\/wp-content\/uploads\/2020\/09\/jesensko_obiteljsko_fotografiranje-0003-e1644315289468.jpg","contentUrl":"https:\/\/goranpirs.photo\/wp67\/wp-content\/uploads\/2020\/09\/jesensko_obiteljsko_fotografiranje-0003-e1644315289468.jpg","width":800,"height":533,"caption":"jesensko obiteljsko fotografiranje 0003"},{"@type":"BreadcrumbList","@id":"https:\/\/goranpirs.photo\/wp67\/obiteljsko-fotografiranje\/#breadcrumb","itemListElement":[{"@type":"ListItem","position":1,"name":"Home","item":"https:\/\/goranpirs.photo\/wp67\/"},{"@type":"ListItem","position":2,"name":"Obiteljsko fotografiranje"}]},{"@type":"WebSite","@id":"https:\/\/goranpirs.photo\/wp67\/#website","url":"https:\/\/goranpirs.photo\/wp67\/","name":"Goran Pir\u0161","description":"Fotograf vjen\u010danja zagreb, krstitke,  obiteljski fotograf, nektretnine, portreti, ljubimce...","publisher":{"@id":"https:\/\/goranpirs.photo\/wp67\/#\/schema\/person\/2ff35888489d84412fb5030ab30f9424"},"potentialAction":[{"@type":"SearchAction","target":{"@type":"EntryPoint","urlTemplate":"https:\/\/goranpirs.photo\/wp67\/?s={search_term_string}"},"query-input":{"@type":"PropertyValueSpecification","valueRequired":true,"valueName":"search_term_string"}}],"inLanguage":"en-US"},{"@type":["Person","Organization"],"@id":"https:\/\/goranpirs.photo\/wp67\/#\/schema\/person\/2ff35888489d84412fb5030ab30f9424","name":"goran","image":{"@type":"ImageObject","inLanguage":"en-US","@id":"https:\/\/goranpirs.photo\/wp67\/#\/schema\/person\/image\/","url":"https:\/\/goranpirs.photo\/wp67\/wp-content\/uploads\/2022\/02\/drvo-PNG.png","contentUrl":"https:\/\/goranpirs.photo\/wp67\/wp-content\/uploads\/2022\/02\/drvo-PNG.png","width":356,"height":321,"caption":"goran"},"logo":{"@id":"https:\/\/goranpirs.photo\/wp67\/#\/schema\/person\/image\/"},"sameAs":["https:\/\/www.facebook.com\/goran.pirsh"]}]}},"taxonomy_info":[],"featured_image_src_large":["https:\/\/goranpirs.photo\/wp67\/wp-content\/uploads\/2020\/09\/jesensko_obiteljsko_fotografiranje-0003-1024x683.jpg",1024,683,true],"author_info":{"display_name":"goran","author_link":"https:\/\/goranpirs.photo\/wp67\/author\/goran\/"},"comment_info":0,"_links":{"self":[{"href":"https:\/\/goranpirs.photo\/wp67\/wp-json\/wp\/v2\/pages\/161","targetHints":{"allow":["GET"]}}],"collection":[{"href":"https:\/\/goranpirs.photo\/wp67\/wp-json\/wp\/v2\/pages"}],"about":[{"href":"https:\/\/goranpirs.photo\/wp67\/wp-json\/wp\/v2\/types\/page"}],"author":[{"embeddable":true,"href":"https:\/\/goranpirs.photo\/wp67\/wp-json\/wp\/v2\/users\/1"}],"replies":[{"embeddable":true,"href":"https:\/\/goranpirs.photo\/wp67\/wp-json\/wp\/v2\/comments?post=161"}],"version-history":[{"count":0,"href":"https:\/\/goranpirs.photo\/wp67\/wp-json\/wp\/v2\/pages\/161\/revisions"}],"wp:featuredmedia":[{"embeddable":true,"href":"https:\/\/goranpirs.photo\/wp67\/wp-json\/wp\/v2\/media\/1860"}],"wp:attachment":[{"href":"https:\/\/goranpirs.photo\/wp67\/wp-json\/wp\/v2\/media?parent=161"}],"curies":[{"name":"wp","href":"https:\/\/api.w.org\/{rel}","templated":true}]}}