{"id":2168,"date":"2021-04-26T18:34:16","date_gmt":"2021-04-26T18:34:16","guid":{"rendered":"https:\/\/goranpirs.photo\/wp67\/?page_id=2168"},"modified":"2025-01-31T11:34:33","modified_gmt":"2025-01-31T10:34:33","slug":"cijene-fotografiranja-vjencanja","status":"publish","type":"page","link":"https:\/\/goranpirs.photo\/wp67\/cijene-fotografiranja-vjencanja\/","title":{"rendered":"Cijene fotografiranja vjen\u010danja"},"content":{"rendered":"<div\tclass=\"flo-block flo-slick-gallery-block-slider-wrapper singleitem  align\"\tstyle=\"--slider-height: 38.75em; --slider-mobile-height: 14.0625em;  --top-margin:0em; --bottom-margin:0em; --mobile-top-margin:0em; --mobile-bottom-margin:0em; --arrows-color:var(--scheme_1--overline--default); --counter-color:var(--scheme_1--overline--default);\"\t><div class=\"flo-slick-slide-container \" style=\"height: auto; \"><div class=\" flo-block flo-slick-gallery-block-slider slick-slider-gallery-slider singleitem\" data-slick-arrows=\"false\" data-slick-dots=\"false\" data-slick-adaptiveHeight=\"true\" data-slick-autoplay=\"false\" data-slick-autoplaySpeed=\"0\" data-slick-centerMode=\"true\" data-slick-centerPadding=\"0\" data-slick-cssEase=\"ease\" data-slick-draggable=\"true\" data-slick-fade=\"false\" data-slick-focusOnSelect=\"false\" data-slick-easing=\"linear\" data-slick-edgeFriction=\"0.15\" data-slick-infinite=\"true\" data-slick-initialSlide=\"0\" data-slick-pauseOnFocus=\"true\" data-slick-pauseOnHover=\"true\" data-slick-pauseOnDotsHover=\"true\" data-slick-slidesToShow=\"1\" data-slick-slidesToScroll=\"1\" data-slick-speed=\"800\" data-slick-swipe=\"true\" data-slick-swipeToSlide=\"false\" data-slick-touchMove=\"true\" data-slick-touchThreshold=\"5\" data-slick-useCSS=\"true\" data-slick-useTransform=\"true\" data-slick-variableWidth=\"false\" data-slick-vertical=\"false\" data-slick-verticalSwiping=\"false\" data-slick-lazyLoad=\"ondemand\" data-slider_id=\"8878\"><div class=\"slick-slider-block-slide slick-slide\"><img class=\"slick-slider-image  lazyload \" alt=\"vjencanje mali dvorac 0042\" data-id=\"5005\"  data-src=\"https:\/\/goranpirs.photo\/wp67\/wp-content\/uploads\/vjencanje_mali_dvorac-0042.jpg\"  data-srcset=\"https:\/\/goranpirs.photo\/wp67\/wp-content\/uploads\/vjencanje_mali_dvorac-0042.jpg 1000w, https:\/\/goranpirs.photo\/wp67\/wp-content\/uploads\/vjencanje_mali_dvorac-0042-300x200.jpg 300w, https:\/\/goranpirs.photo\/wp67\/wp-content\/uploads\/vjencanje_mali_dvorac-0042-768x512.jpg 768w\"\/><\/div><div class=\"slick-slider-block-slide slick-slide\"><img class=\"slick-slider-image lazypreload  \" alt=\"fitigrafiranje vjencanja mimara 0173\" data-id=\"4557\"  data-src=\"https:\/\/goranpirs.photo\/wp67\/wp-content\/uploads\/fitigrafiranje_vjencanja_mimara_0173.jpg\"  data-srcset=\"https:\/\/goranpirs.photo\/wp67\/wp-content\/uploads\/fitigrafiranje_vjencanja_mimara_0173.jpg 1224w, https:\/\/goranpirs.photo\/wp67\/wp-content\/uploads\/fitigrafiranje_vjencanja_mimara_0173-300x200.jpg 300w, https:\/\/goranpirs.photo\/wp67\/wp-content\/uploads\/fitigrafiranje_vjencanja_mimara_0173-1024x683.jpg 1024w, https:\/\/goranpirs.photo\/wp67\/wp-content\/uploads\/fitigrafiranje_vjencanja_mimara_0173-768x512.jpg 768w\"\n\t\t\t\t\t\t\/><\/div><div class=\"slick-slider-block-slide slick-slide\"><img class=\"slick-slider-image lazypreload  \" alt=\"polish croatian wedding 0115\" data-id=\"4822\"  data-src=\"https:\/\/goranpirs.photo\/wp67\/wp-content\/uploads\/polish_croatian_wedding-0115.jpg\"  data-srcset=\"https:\/\/goranpirs.photo\/wp67\/wp-content\/uploads\/polish_croatian_wedding-0115.jpg 1000w, https:\/\/goranpirs.photo\/wp67\/wp-content\/uploads\/polish_croatian_wedding-0115-300x200.jpg 300w, https:\/\/goranpirs.photo\/wp67\/wp-content\/uploads\/polish_croatian_wedding-0115-768x512.jpg 768w\"\n\t\t\t\t\t\t\/><\/div><div class=\"slick-slider-block-slide slick-slide\"><img class=\"slick-slider-image  lazyload \" alt=\"fitigrafiranje vjencanja mimara 0072\" data-id=\"4461\"  data-src=\"https:\/\/goranpirs.photo\/wp67\/wp-content\/uploads\/fitigrafiranje_vjencanja_mimara_0072.jpg\"  data-srcset=\"https:\/\/goranpirs.photo\/wp67\/wp-content\/uploads\/fitigrafiranje_vjencanja_mimara_0072.jpg 1732w, https:\/\/goranpirs.photo\/wp67\/wp-content\/uploads\/fitigrafiranje_vjencanja_mimara_0072-300x200.jpg 300w, https:\/\/goranpirs.photo\/wp67\/wp-content\/uploads\/fitigrafiranje_vjencanja_mimara_0072-1024x683.jpg 1024w, https:\/\/goranpirs.photo\/wp67\/wp-content\/uploads\/fitigrafiranje_vjencanja_mimara_0072-768x512.jpg 768w, https:\/\/goranpirs.photo\/wp67\/wp-content\/uploads\/fitigrafiranje_vjencanja_mimara_0072-1536x1024.jpg 1536w\"\/><\/div><\/div><div class=\"flo_gallery_navigation flo_gallery_navigation_front\"> <div class=\"flo-slick-gallery-block-prev-arrow slick-arrow\"  id=\"icon-arrow-left\"><i class=\"gbp-icon-sl-arrow-left\"><\/i><\/div><div class=\"flo_gallery_slick__counter flo_gallery__counter--singleitem \" style =\"--slide-counter-font-style : normal;--slide-counter-font-weight : regular;--slide-counter-font-family : Open Sans;--slide-counter-line-height : 1;--slide-counter-font-size : 1em;--slide-counter-letter-spacing : 0em;\" data-font=\"third_level\/caption\"><span class=\"flo_slick__current-index\">1<\/span><span class=\"flo_slick__counter-delimiter\"><\/span><span class=\"flo_slick__total-index\">4<\/span><\/div> <div class=\"flo-slick-gallery-block-next-arrow slick-arrow\"  id=\"icon-arrow-right\"><i class=\"gbp-icon-sl-arrow-right\"><\/i><\/div><\/div><\/div><\/div>\n\n<div\nclass=\"\n\t\tflo-block\n\t\tflo-block-text flo-block-text--align-center\" style=\"\n\t\t--block-width:100%;\n    --top-margin: 0px;\n    --bottom-margin: 0px;\n    --mobile-top-margin: 0px;\n    --mobile-bottom-margin: 0px;\n    --elements-color: var(--scheme_1--text--default);\n    --pre-title-color: var(--scheme_1--overline--default);\n    --pre-title-font-style : normal;--pre-title-font-weight : regular;--pre-title-font-family : Open Sans;--pre-title-line-height : 1;--pre-title-font-size : 1em;--pre-title-letter-spacing : 0em;    --title-font-style : normal;--title-font-weight : regular;--title-font-family : Open Sans;--title-line-height : 1;--title-font-size : 1em;--title-letter-spacing : 0em;    --sub-title-font-style : normal;--sub-title-font-weight : regular;--sub-title-font-family : Open Sans;--sub-title-line-height : 1;--sub-title-font-size : 1em;--sub-title-letter-spacing : 0em;    --text-font-style : normal;--text-font-weight : regular;--text-font-family : Open Sans;--text-line-height : 1;--text-font-size : 1em;--text-letter-spacing : 0em;    \" >\n\t\t<div class=\"flo-block-text--wrap\">\n    \t\t\t<h3 class=\"flo-block-text__pretitle\" data-font=\"\">koji paket odabrati?<\/h3>\n                <h1 class=\"flo-block-text__title\" data-font=\"\">Cijene fotografiranja vjen\u010danja<\/h1>\n        \t\t\t<h2 class=\"flo-block-text__subtitle\" data-font=\"\">manji ili ve\u0107i book?<\/h2>\n                <div class=\"flo-block-text__text-wrapper\">\n            <div class=\"flo-block-text__text\" data-font=\"\">\n                Ne radim puno vjen\u010danja godi\u0161nje. Tako mogu zadr\u017eati individualnost prema svojim mladencima i posvetiti se obradi fotografija sa dovoljno pa\u017enje.<br>Slo\u017eio sam nekoliko gotovih paketa koji zadovolje neke osnovne varijante + dodatne opcije kojima mo\u017eete nadopuniti pakete. Mogu slo\u017eiti ne\u0161to po va\u0161im potrebama ukoliko bude potrebno. <br>Generalne smjernice za odluku o sadr\u017eaju paketa bi bile:<br>&#8211; na koliko sati trebate fotografa (dali po\u010dinjemo u crkvi ili doma, fotkam li spremanje, detalje, koliko dugo ostajem, itd)<br>-veliki ili srednji book, a mo\u017eda pokloniti mali book roditeljima ili kumovima&#8230; <strong>cijena malih bookova je 100\u20ac\/kom<\/strong><br>&#8211; fotografija za objesiti na zid? Nudim canvas platna velikih formata, spremno za vje\u0161anje samo na\u0111ite mjesto na zidu.<br>&#8211; mo\u017eda vam nije dovoljno sati? ostanem koliko treba&#8230;  <strong>dodatni sat je 80\u20ac\/h<\/strong><br>&#8211; \u017eelite li <strong>VIDEO <\/strong>snimku vjen\u010danja? Sura\u0111ujem sa nekoliko probranih kolega iako najvi\u0161e volim raditi sam. <br><br>            <\/div>\n        <\/div>\n    \t<\/div>\n<\/div>\n\n\n\n<p class=\"wp-block-flo-flo-flex-builder flo-render\"><\/p>\n\n\n\n\n\t\t<div\n\t\t\t\tclass=\"flo-block flo-block-button \"\n\t\t\t\tstyle=\"--background-color:var(--scheme_1--button--background--default);\n\t\t\t\t\t--label-color: var(--scheme_1--button--text--default);\n\t\t\t\t\t--background-hover-color: var(--scheme_1--button--background--hover);\n\t\t\t\t\t--label-hover-color: var(--scheme_1--button--text--hover);\n\t\t\t\t\t--top-margin:0em;\n\t\t\t\t\t--bottom-margin:0em;\n\t\t\t\t\t--mobile-top-margin:0em;\n\t\t\t\t\t--mobile-bottom-margin:0em;\n\t\t\t\t\t--border-radius: 0em;\">\n\t\t\t<a\n\t\tstyle=\"\n\t\tpadding: 1rem 1.5625rem;\n\t\t--flo-button-font-style : normal;--flo-button-font-weight : regular;--flo-button-font-family : Open Sans;--flo-button-line-height : 1;--flo-button-font-size : 1em;--flo-button-letter-spacing : 0em;\"\n\tclass=\"wp-block-button__link flo-generic-button flo-generic-button--scheme-1\"\n\tdata-font= \"third_level\/primary_cta\"\n\t\t\thref=\"https:\/\/goranpirs.photo\/wp67\/kontakt\">\n\t \t\tZa provjeru termina po\u0161aljite poruku\t\t<\/a>\n\t\t<\/div>\n\t\t\t\n\n<div class=\"  flo-block  flo-gallery-grid-wrapper\" style=\" --items_gap:0.625em; --columns:4;  --img-width: calc(100% \/ 4); --non-msnry-height:21.875em; --top-margin:0em; --bottom-margin:0em; --mobile-top-margin:0em; --mobile-bottom-margin:0em;--mob-img-gap:0.3125em; --mob-columns:1;  --mob-img-width: calc(100% \/ 1); --non-msnry-height-mobile:12.5em;\" ><div class=\"flo-gallery-grid flo-block  flo-gallery-grid--masonry\" ><a class=\"flo-gallery-grid__image\" style=\"--img-height:66.7%\" href=\"https:\/\/goranpirs.photo\/wp67\/wp-content\/uploads\/vjencani_book-0001.jpg\" data-fancybox=\"6605346161\" data-thumb=\"https:\/\/goranpirs.photo\/wp67\/wp-content\/uploads\/vjencani_book-0001-150x150.jpg\">\n            <div class=\"flo-gallery-grid__image_wrap_inner\">\n            <img class=\"flo-gallery-grid__image-thumb lazyload\"  alt=\"vjencani book 0001\" data-id=\"3944\"  data-src=\"https:\/\/goranpirs.photo\/wp67\/wp-content\/uploads\/vjencani_book-0001.jpg\" height=\"667\" width=\"1000\"  data-srcset=\"https:\/\/goranpirs.photo\/wp67\/wp-content\/uploads\/vjencani_book-0001.jpg 1000w, https:\/\/goranpirs.photo\/wp67\/wp-content\/uploads\/vjencani_book-0001-300x200.jpg 300w, https:\/\/goranpirs.photo\/wp67\/wp-content\/uploads\/vjencani_book-0001-768x512.jpg 768w\"\n\t\t\t\t\tsizes=\"(min-width: 768px) calc(100vw \/ 4), 100vw\"\n\t\t\t\t\t\/>\n            <\/div><\/a><a class=\"flo-gallery-grid__image\" style=\"--img-height:66.7%\" href=\"https:\/\/goranpirs.photo\/wp67\/wp-content\/uploads\/vjencani_book-0003.jpg\" data-fancybox=\"6605346161\" data-thumb=\"https:\/\/goranpirs.photo\/wp67\/wp-content\/uploads\/vjencani_book-0003-150x150.jpg\">\n            <div class=\"flo-gallery-grid__image_wrap_inner\">\n            <img class=\"flo-gallery-grid__image-thumb lazyload\"  alt=\"vjencani book 0003\" data-id=\"3946\"  data-src=\"https:\/\/goranpirs.photo\/wp67\/wp-content\/uploads\/vjencani_book-0003.jpg\" height=\"667\" width=\"1000\"  data-srcset=\"https:\/\/goranpirs.photo\/wp67\/wp-content\/uploads\/vjencani_book-0003.jpg 1000w, https:\/\/goranpirs.photo\/wp67\/wp-content\/uploads\/vjencani_book-0003-300x200.jpg 300w, https:\/\/goranpirs.photo\/wp67\/wp-content\/uploads\/vjencani_book-0003-768x512.jpg 768w\"\n\t\t\t\t\tsizes=\"(min-width: 768px) calc(100vw \/ 4), 100vw\"\n\t\t\t\t\t\/>\n            <\/div><\/a><a class=\"flo-gallery-grid__image\" style=\"--img-height:66.7%\" href=\"https:\/\/goranpirs.photo\/wp67\/wp-content\/uploads\/vjencani_book-0004.jpg\" data-fancybox=\"6605346161\" data-thumb=\"https:\/\/goranpirs.photo\/wp67\/wp-content\/uploads\/vjencani_book-0004-150x150.jpg\">\n            <div class=\"flo-gallery-grid__image_wrap_inner\">\n            <img class=\"flo-gallery-grid__image-thumb lazyload\"  alt=\"vjencani book 0004\" data-id=\"3947\"  data-src=\"https:\/\/goranpirs.photo\/wp67\/wp-content\/uploads\/vjencani_book-0004.jpg\" height=\"667\" width=\"1000\"  data-srcset=\"https:\/\/goranpirs.photo\/wp67\/wp-content\/uploads\/vjencani_book-0004.jpg 1000w, https:\/\/goranpirs.photo\/wp67\/wp-content\/uploads\/vjencani_book-0004-300x200.jpg 300w, https:\/\/goranpirs.photo\/wp67\/wp-content\/uploads\/vjencani_book-0004-768x512.jpg 768w\"\n\t\t\t\t\tsizes=\"(min-width: 768px) calc(100vw \/ 4), 100vw\"\n\t\t\t\t\t\/>\n            <\/div><\/a><a class=\"flo-gallery-grid__image\" style=\"--img-height:66.7%\" href=\"https:\/\/goranpirs.photo\/wp67\/wp-content\/uploads\/vjencani_book-0006.jpg\" data-fancybox=\"6605346161\" data-thumb=\"https:\/\/goranpirs.photo\/wp67\/wp-content\/uploads\/vjencani_book-0006-150x150.jpg\">\n            <div class=\"flo-gallery-grid__image_wrap_inner\">\n            <img class=\"flo-gallery-grid__image-thumb lazyload\"  alt=\"vjencani book 0006\" data-id=\"3949\"  data-src=\"https:\/\/goranpirs.photo\/wp67\/wp-content\/uploads\/vjencani_book-0006.jpg\" height=\"667\" width=\"1000\"  data-srcset=\"https:\/\/goranpirs.photo\/wp67\/wp-content\/uploads\/vjencani_book-0006.jpg 1000w, https:\/\/goranpirs.photo\/wp67\/wp-content\/uploads\/vjencani_book-0006-300x200.jpg 300w, https:\/\/goranpirs.photo\/wp67\/wp-content\/uploads\/vjencani_book-0006-768x512.jpg 768w\"\n\t\t\t\t\tsizes=\"(min-width: 768px) calc(100vw \/ 4), 100vw\"\n\t\t\t\t\t\/>\n            <\/div><\/a><\/div><\/div>","protected":false},"excerpt":{"rendered":"","protected":false},"author":1,"featured_media":0,"parent":0,"menu_order":0,"comment_status":"closed","ping_status":"closed","template":"","meta":{"_kad_blocks_custom_css":"","_kad_blocks_head_custom_js":"","_kad_blocks_body_custom_js":"","_kad_blocks_footer_custom_js":"","_kadence_starter_templates_imported_post":false,"_kad_post_transparent":"","_kad_post_title":"","_kad_post_layout":"","_kad_post_sidebar_id":"","_kad_post_content_style":"","_kad_post_vertical_padding":"","_kad_post_feature":"","_kad_post_feature_position":"","_kad_post_header":false,"_kad_post_footer":false,"_kad_post_classname":"","footnotes":""},"class_list":["post-2168","page","type-page","status-publish","hentry"],"fbg_featured_image_src":{"full":false,"thumbnail":false,"medium":false,"medium_large":false,"large":false,"1536x1536":false,"2048x2048":false},"fbg_excerpt":null,"yoast_head":"<!-- This site is optimized with the Yoast SEO plugin v27.1.1 - https:\/\/yoast.com\/product\/yoast-seo-wordpress\/ -->\n<title>Cijene fotografiranja vjen\u010danja - Goran Pir\u0161<\/title>\n<meta name=\"description\" content=\"Cijene fotografiranja vjen\u010danja, cijene snimanja, dodatne opcije izrade bookova, dodatni snimatelji, dron i ostale opcije\" \/>\n<meta name=\"robots\" content=\"noindex, follow, max-snippet:-1, max-image-preview:large, max-video-preview:-1\" \/>\n<meta property=\"og:locale\" content=\"en_US\" \/>\n<meta property=\"og:type\" content=\"article\" \/>\n<meta property=\"og:title\" content=\"Cijene fotografiranja vjen\u010danja - Goran Pir\u0161\" \/>\n<meta property=\"og:description\" content=\"Cijene fotografiranja vjen\u010danja, cijene snimanja, dodatne opcije izrade bookova, dodatni snimatelji, dron i ostale opcije\" \/>\n<meta property=\"og:url\" content=\"https:\/\/goranpirs.photo\/wp67\/cijene-fotografiranja-vjencanja\/\" \/>\n<meta property=\"og:site_name\" content=\"Goran Pir\u0161\" \/>\n<meta property=\"article:publisher\" content=\"https:\/\/www.facebook.com\/goran.pirsh\" \/>\n<meta property=\"article:modified_time\" content=\"2025-01-31T10:34:33+00:00\" \/>\n<meta name=\"twitter:card\" content=\"summary_large_image\" \/>\n<script type=\"application\/ld+json\" class=\"yoast-schema-graph\">{\"@context\":\"https:\/\/schema.org\",\"@graph\":[{\"@type\":\"WebPage\",\"@id\":\"https:\/\/goranpirs.photo\/wp67\/cijene-fotografiranja-vjencanja\/\",\"url\":\"https:\/\/goranpirs.photo\/wp67\/cijene-fotografiranja-vjencanja\/\",\"name\":\"Cijene fotografiranja vjen\u010danja - Goran Pir\u0161\",\"isPartOf\":{\"@id\":\"https:\/\/goranpirs.photo\/wp67\/#website\"},\"datePublished\":\"2021-04-26T18:34:16+00:00\",\"dateModified\":\"2025-01-31T10:34:33+00:00\",\"description\":\"Cijene fotografiranja vjen\u010danja, cijene snimanja, dodatne opcije izrade bookova, dodatni snimatelji, dron i ostale opcije\",\"breadcrumb\":{\"@id\":\"https:\/\/goranpirs.photo\/wp67\/cijene-fotografiranja-vjencanja\/#breadcrumb\"},\"inLanguage\":\"en-US\",\"potentialAction\":[{\"@type\":\"ReadAction\",\"target\":[\"https:\/\/goranpirs.photo\/wp67\/cijene-fotografiranja-vjencanja\/\"]}]},{\"@type\":\"BreadcrumbList\",\"@id\":\"https:\/\/goranpirs.photo\/wp67\/cijene-fotografiranja-vjencanja\/#breadcrumb\",\"itemListElement\":[{\"@type\":\"ListItem\",\"position\":1,\"name\":\"Home\",\"item\":\"https:\/\/goranpirs.photo\/wp67\/\"},{\"@type\":\"ListItem\",\"position\":2,\"name\":\"Cijene fotografiranja vjen\u010danja\"}]},{\"@type\":\"WebSite\",\"@id\":\"https:\/\/goranpirs.photo\/wp67\/#website\",\"url\":\"https:\/\/goranpirs.photo\/wp67\/\",\"name\":\"Goran Pir\u0161\",\"description\":\"Fotograf vjen\u010danja zagreb, krstitke,  obiteljski fotograf, nektretnine, portreti, ljubimce...\",\"publisher\":{\"@id\":\"https:\/\/goranpirs.photo\/wp67\/#\/schema\/person\/2ff35888489d84412fb5030ab30f9424\"},\"potentialAction\":[{\"@type\":\"SearchAction\",\"target\":{\"@type\":\"EntryPoint\",\"urlTemplate\":\"https:\/\/goranpirs.photo\/wp67\/?s={search_term_string}\"},\"query-input\":{\"@type\":\"PropertyValueSpecification\",\"valueRequired\":true,\"valueName\":\"search_term_string\"}}],\"inLanguage\":\"en-US\"},{\"@type\":[\"Person\",\"Organization\"],\"@id\":\"https:\/\/goranpirs.photo\/wp67\/#\/schema\/person\/2ff35888489d84412fb5030ab30f9424\",\"name\":\"goran\",\"image\":{\"@type\":\"ImageObject\",\"inLanguage\":\"en-US\",\"@id\":\"https:\/\/goranpirs.photo\/wp67\/#\/schema\/person\/image\/\",\"url\":\"https:\/\/goranpirs.photo\/wp67\/wp-content\/uploads\/2022\/02\/drvo-PNG.png\",\"contentUrl\":\"https:\/\/goranpirs.photo\/wp67\/wp-content\/uploads\/2022\/02\/drvo-PNG.png\",\"width\":356,\"height\":321,\"caption\":\"goran\"},\"logo\":{\"@id\":\"https:\/\/goranpirs.photo\/wp67\/#\/schema\/person\/image\/\"},\"sameAs\":[\"https:\/\/www.facebook.com\/goran.pirsh\"]}]}<\/script>\n<!-- \/ Yoast SEO plugin. -->","yoast_head_json":{"title":"Cijene fotografiranja vjen\u010danja - Goran Pir\u0161","description":"Cijene fotografiranja vjen\u010danja, cijene snimanja, dodatne opcije izrade bookova, dodatni snimatelji, dron i ostale opcije","robots":{"index":"noindex","follow":"follow","max-snippet":"max-snippet:-1","max-image-preview":"max-image-preview:large","max-video-preview":"max-video-preview:-1"},"og_locale":"en_US","og_type":"article","og_title":"Cijene fotografiranja vjen\u010danja - Goran Pir\u0161","og_description":"Cijene fotografiranja vjen\u010danja, cijene snimanja, dodatne opcije izrade bookova, dodatni snimatelji, dron i ostale opcije","og_url":"https:\/\/goranpirs.photo\/wp67\/cijene-fotografiranja-vjencanja\/","og_site_name":"Goran Pir\u0161","article_publisher":"https:\/\/www.facebook.com\/goran.pirsh","article_modified_time":"2025-01-31T10:34:33+00:00","twitter_card":"summary_large_image","schema":{"@context":"https:\/\/schema.org","@graph":[{"@type":"WebPage","@id":"https:\/\/goranpirs.photo\/wp67\/cijene-fotografiranja-vjencanja\/","url":"https:\/\/goranpirs.photo\/wp67\/cijene-fotografiranja-vjencanja\/","name":"Cijene fotografiranja vjen\u010danja - Goran Pir\u0161","isPartOf":{"@id":"https:\/\/goranpirs.photo\/wp67\/#website"},"datePublished":"2021-04-26T18:34:16+00:00","dateModified":"2025-01-31T10:34:33+00:00","description":"Cijene fotografiranja vjen\u010danja, cijene snimanja, dodatne opcije izrade bookova, dodatni snimatelji, dron i ostale opcije","breadcrumb":{"@id":"https:\/\/goranpirs.photo\/wp67\/cijene-fotografiranja-vjencanja\/#breadcrumb"},"inLanguage":"en-US","potentialAction":[{"@type":"ReadAction","target":["https:\/\/goranpirs.photo\/wp67\/cijene-fotografiranja-vjencanja\/"]}]},{"@type":"BreadcrumbList","@id":"https:\/\/goranpirs.photo\/wp67\/cijene-fotografiranja-vjencanja\/#breadcrumb","itemListElement":[{"@type":"ListItem","position":1,"name":"Home","item":"https:\/\/goranpirs.photo\/wp67\/"},{"@type":"ListItem","position":2,"name":"Cijene fotografiranja vjen\u010danja"}]},{"@type":"WebSite","@id":"https:\/\/goranpirs.photo\/wp67\/#website","url":"https:\/\/goranpirs.photo\/wp67\/","name":"Goran Pir\u0161","description":"Fotograf vjen\u010danja zagreb, krstitke,  obiteljski fotograf, nektretnine, portreti, ljubimce...","publisher":{"@id":"https:\/\/goranpirs.photo\/wp67\/#\/schema\/person\/2ff35888489d84412fb5030ab30f9424"},"potentialAction":[{"@type":"SearchAction","target":{"@type":"EntryPoint","urlTemplate":"https:\/\/goranpirs.photo\/wp67\/?s={search_term_string}"},"query-input":{"@type":"PropertyValueSpecification","valueRequired":true,"valueName":"search_term_string"}}],"inLanguage":"en-US"},{"@type":["Person","Organization"],"@id":"https:\/\/goranpirs.photo\/wp67\/#\/schema\/person\/2ff35888489d84412fb5030ab30f9424","name":"goran","image":{"@type":"ImageObject","inLanguage":"en-US","@id":"https:\/\/goranpirs.photo\/wp67\/#\/schema\/person\/image\/","url":"https:\/\/goranpirs.photo\/wp67\/wp-content\/uploads\/2022\/02\/drvo-PNG.png","contentUrl":"https:\/\/goranpirs.photo\/wp67\/wp-content\/uploads\/2022\/02\/drvo-PNG.png","width":356,"height":321,"caption":"goran"},"logo":{"@id":"https:\/\/goranpirs.photo\/wp67\/#\/schema\/person\/image\/"},"sameAs":["https:\/\/www.facebook.com\/goran.pirsh"]}]}},"taxonomy_info":[],"featured_image_src_large":false,"author_info":{"display_name":"goran","author_link":"https:\/\/goranpirs.photo\/wp67\/author\/goran\/"},"comment_info":0,"_links":{"self":[{"href":"https:\/\/goranpirs.photo\/wp67\/wp-json\/wp\/v2\/pages\/2168","targetHints":{"allow":["GET"]}}],"collection":[{"href":"https:\/\/goranpirs.photo\/wp67\/wp-json\/wp\/v2\/pages"}],"about":[{"href":"https:\/\/goranpirs.photo\/wp67\/wp-json\/wp\/v2\/types\/page"}],"author":[{"embeddable":true,"href":"https:\/\/goranpirs.photo\/wp67\/wp-json\/wp\/v2\/users\/1"}],"replies":[{"embeddable":true,"href":"https:\/\/goranpirs.photo\/wp67\/wp-json\/wp\/v2\/comments?post=2168"}],"version-history":[{"count":0,"href":"https:\/\/goranpirs.photo\/wp67\/wp-json\/wp\/v2\/pages\/2168\/revisions"}],"wp:attachment":[{"href":"https:\/\/goranpirs.photo\/wp67\/wp-json\/wp\/v2\/media?parent=2168"}],"curies":[{"name":"wp","href":"https:\/\/api.w.org\/{rel}","templated":true}]}}