{"id":2384,"date":"2022-02-14T22:08:29","date_gmt":"2022-02-14T22:08:29","guid":{"rendered":"https:\/\/goranpirs.photo\/wp67\/?page_id=2384"},"modified":"2025-03-17T19:10:02","modified_gmt":"2025-03-17T18:10:02","slug":"fotografiranje-vjencanja","status":"publish","type":"page","link":"https:\/\/goranpirs.photo\/wp67\/fotografiranje-vjencanja\/","title":{"rendered":"Fotografiranje vjen\u010danja Zagreb"},"content":{"rendered":"<div\nclass=\"\n\t\tflo-block\n\t\tflo-block-text flo-block-text--align-center\" style=\"\n\t\t--block-width:100%;\n    --top-margin: 0px;\n    --bottom-margin: 0px;\n    --mobile-top-margin: 0px;\n    --mobile-bottom-margin: 0px;\n    --elements-color: var(--scheme_1--text--default);\n    --pre-title-color: var(--scheme_1--overline--default);\n    --pre-title-font-style : normal;--pre-title-font-weight : regular;--pre-title-font-family : Open Sans;--pre-title-line-height : 1;--pre-title-font-size : 1em;--pre-title-letter-spacing : 0em;    --title-font-style : normal;--title-font-weight : regular;--title-font-family : Open Sans;--title-line-height : 1;--title-font-size : 1em;--title-letter-spacing : 0em;    --sub-title-font-style : normal;--sub-title-font-weight : regular;--sub-title-font-family : Open Sans;--sub-title-line-height : 1;--sub-title-font-size : 1em;--sub-title-letter-spacing : 0em;    --text-font-style : normal;--text-font-weight : regular;--text-font-family : Open Sans;--text-line-height : 1;--text-font-size : 1em;--text-letter-spacing : 0em;    \" >\n\t\t<div class=\"flo-block-text--wrap\">\n    \t\t\t<h2 class=\"flo-block-text__pretitle\" data-font=\"\">STORYTELLER<\/h2>\n                <h1 class=\"flo-block-text__title\" data-font=\"\">Fotografiranje vjen\u010danja<\/h1>\n        \t\t\t<h3 class=\"flo-block-text__subtitle\" data-font=\"\">VELIKA LJUBAVNA PRI\u010cA<\/h3>\n                <div class=\"flo-block-text__text-wrapper\">\n            <div class=\"flo-block-text__text\" data-font=\"\">\n                Kako zabilje\u017eiti Ljubav? Kakva to magija mora biti da te osje\u0107aje preto\u010di u vje\u010dnost?  Iskre u o\u010dima, aura koja se \u0161iri oko njih, zra\u010di jednom drugom energijom. Emocije na dan vjen\u010danja, tople i drage pri\u010dice, spontane trenutke vas i va\u0161ih najdra\u017eih ljudi zabilje\u017eit \u0107u u obliku velike ljubavne slikovnice. Vjen\u010danje je poseban trenutak u budu\u0107em zajedni\u010dkom su\u017eivotu dviju osoba. Tek po\u010detak duga\u010dkog putovanja, dvije tra\u010dnice naizgled ravne i paralelne, pro\u0161arane kolosijecima \u017eivota.<br>Nenametljivo, istinski spontano, fokusirano bilje\u017eim  trenutke,<br>one koji traju kratko, i spremam ih za vje\u010dnost.<br>Sa zadovoljstvom \u0107u biti va\u0161 fotograf vjen\u010danja, tvorac podsjestnika na uspomene  radosti i veselja tog velikog dana.            <\/div>\n        <\/div>\n    \t<\/div>\n<\/div>\n\n\n<div class=\"\n\t\tflo-block\n\t\tflo-block-post-cards\n\tflo-block-post-cards--alternating-left\tflo-block-post-cards--not-found\t\" style=\"\n\t--gap-between-items: 2.5em;\n\t--image-height: 22.5em;\n\t--meta-color: var(--scheme_1--overline--accent);\n\t--title-color: var(--scheme_1--text--accent);\n\t--info-background-color: var(--scheme_1--background--accent);\n\t--mobile-image-height: 14.6875em;\n\t--mobile-gap-between-items: 1.25em;\n\n\t--top-margin: 0em;\n\t--bottom-margin: 0em;\n\t--mobile-top-margin: 0em;\n\t--mobile-bottom-margin: 0em;\n\t--post-title-font-style : normal;--post-title-font-weight : regular;--post-title-font-family : Open Sans;--post-title-line-height : 1;--post-title-font-size : 1em;--post-title-letter-spacing : 0em;\t--post-date-font-style : normal;--post-date-font-weight : regular;--post-date-font-family : Open Sans;--post-date-line-height : 1;--post-date-font-size : 1em;--post-date-letter-spacing : 0em;\t--post-taxonomy-font-style : normal;--post-taxonomy-font-weight : regular;--post-taxonomy-font-family : Open Sans;--post-taxonomy-line-height : 1;--post-taxonomy-font-size : 1em;--post-taxonomy-letter-spacing : 0em;\t \" >\n\t\n\t\t\t<h1>Not Found.<\/h1>\n\t\t\t<br>\n\t\t\t<h3>We couldn&#8217;t find what you were looking for.<\/h3>\n\t\t\t<br>\n\t\t\t<a href=\"https:\/\/goranpirs.photo\/wp67\"> Check out Our Home Page <\/a>\n\t\t\t<\/div>\n","protected":false},"excerpt":{"rendered":"","protected":false},"author":1,"featured_media":0,"parent":0,"menu_order":0,"comment_status":"closed","ping_status":"closed","template":"","meta":{"_kad_blocks_custom_css":"","_kad_blocks_head_custom_js":"","_kad_blocks_body_custom_js":"","_kad_blocks_footer_custom_js":"","_kadence_starter_templates_imported_post":false,"_kad_post_transparent":"","_kad_post_title":"","_kad_post_layout":"","_kad_post_sidebar_id":"","_kad_post_content_style":"","_kad_post_vertical_padding":"","_kad_post_feature":"","_kad_post_feature_position":"","_kad_post_header":false,"_kad_post_footer":false,"_kad_post_classname":"","footnotes":""},"class_list":["post-2384","page","type-page","status-publish","hentry"],"fbg_featured_image_src":{"full":false,"thumbnail":false,"medium":false,"medium_large":false,"large":false,"1536x1536":false,"2048x2048":false},"fbg_excerpt":null,"yoast_head":"<!-- This site is optimized with the Yoast SEO plugin v27.1.1 - https:\/\/yoast.com\/product\/yoast-seo-wordpress\/ -->\n<title>Fotografiranje vjen\u010danja Zagreb - Goran Pir\u0161<\/title>\n<meta name=\"description\" content=\"Fotografiranje vjen\u010danja, Zagreb i Hrvatska. Moja misija je neprimjetno zabilje\u017eiti tople, spontane trenutke i ispri\u010dati va\u0161u pri\u010du\" \/>\n<meta name=\"robots\" content=\"noindex, follow, max-snippet:-1, max-image-preview:large, max-video-preview:-1\" \/>\n<meta property=\"og:locale\" content=\"en_US\" \/>\n<meta property=\"og:type\" content=\"article\" \/>\n<meta property=\"og:title\" content=\"Fotografiranje vjen\u010danja Zagreb - Goran Pir\u0161\" \/>\n<meta property=\"og:description\" content=\"Fotografiranje vjen\u010danja, Zagreb i Hrvatska. Moja misija je neprimjetno zabilje\u017eiti tople, spontane trenutke i ispri\u010dati va\u0161u pri\u010du\" \/>\n<meta property=\"og:url\" content=\"https:\/\/goranpirs.photo\/wp67\/fotografiranje-vjencanja\/\" \/>\n<meta property=\"og:site_name\" content=\"Goran Pir\u0161\" \/>\n<meta property=\"article:publisher\" content=\"https:\/\/www.facebook.com\/goran.pirsh\" \/>\n<meta property=\"article:modified_time\" content=\"2025-03-17T18:10:02+00:00\" \/>\n<meta name=\"twitter:card\" content=\"summary_large_image\" \/>\n<meta name=\"twitter:label1\" content=\"Est. reading time\" \/>\n\t<meta name=\"twitter:data1\" content=\"1 minute\" \/>\n<script type=\"application\/ld+json\" class=\"yoast-schema-graph\">{\"@context\":\"https:\/\/schema.org\",\"@graph\":[{\"@type\":\"WebPage\",\"@id\":\"https:\/\/goranpirs.photo\/wp67\/fotografiranje-vjencanja\/\",\"url\":\"https:\/\/goranpirs.photo\/wp67\/fotografiranje-vjencanja\/\",\"name\":\"Fotografiranje vjen\u010danja Zagreb - Goran Pir\u0161\",\"isPartOf\":{\"@id\":\"https:\/\/goranpirs.photo\/wp67\/#website\"},\"datePublished\":\"2022-02-14T22:08:29+00:00\",\"dateModified\":\"2025-03-17T18:10:02+00:00\",\"description\":\"Fotografiranje vjen\u010danja, Zagreb i Hrvatska. Moja misija je neprimjetno zabilje\u017eiti tople, spontane trenutke i ispri\u010dati va\u0161u pri\u010du\",\"breadcrumb\":{\"@id\":\"https:\/\/goranpirs.photo\/wp67\/fotografiranje-vjencanja\/#breadcrumb\"},\"inLanguage\":\"en-US\",\"potentialAction\":[{\"@type\":\"ReadAction\",\"target\":[\"https:\/\/goranpirs.photo\/wp67\/fotografiranje-vjencanja\/\"]}]},{\"@type\":\"BreadcrumbList\",\"@id\":\"https:\/\/goranpirs.photo\/wp67\/fotografiranje-vjencanja\/#breadcrumb\",\"itemListElement\":[{\"@type\":\"ListItem\",\"position\":1,\"name\":\"Home\",\"item\":\"https:\/\/goranpirs.photo\/wp67\/\"},{\"@type\":\"ListItem\",\"position\":2,\"name\":\"Fotografiranje vjen\u010danja Zagreb\"}]},{\"@type\":\"WebSite\",\"@id\":\"https:\/\/goranpirs.photo\/wp67\/#website\",\"url\":\"https:\/\/goranpirs.photo\/wp67\/\",\"name\":\"Goran Pir\u0161\",\"description\":\"Fotograf vjen\u010danja zagreb, krstitke,  obiteljski fotograf, nektretnine, portreti, ljubimce...\",\"publisher\":{\"@id\":\"https:\/\/goranpirs.photo\/wp67\/#\/schema\/person\/2ff35888489d84412fb5030ab30f9424\"},\"potentialAction\":[{\"@type\":\"SearchAction\",\"target\":{\"@type\":\"EntryPoint\",\"urlTemplate\":\"https:\/\/goranpirs.photo\/wp67\/?s={search_term_string}\"},\"query-input\":{\"@type\":\"PropertyValueSpecification\",\"valueRequired\":true,\"valueName\":\"search_term_string\"}}],\"inLanguage\":\"en-US\"},{\"@type\":[\"Person\",\"Organization\"],\"@id\":\"https:\/\/goranpirs.photo\/wp67\/#\/schema\/person\/2ff35888489d84412fb5030ab30f9424\",\"name\":\"goran\",\"image\":{\"@type\":\"ImageObject\",\"inLanguage\":\"en-US\",\"@id\":\"https:\/\/goranpirs.photo\/wp67\/#\/schema\/person\/image\/\",\"url\":\"https:\/\/goranpirs.photo\/wp67\/wp-content\/uploads\/2022\/02\/drvo-PNG.png\",\"contentUrl\":\"https:\/\/goranpirs.photo\/wp67\/wp-content\/uploads\/2022\/02\/drvo-PNG.png\",\"width\":356,\"height\":321,\"caption\":\"goran\"},\"logo\":{\"@id\":\"https:\/\/goranpirs.photo\/wp67\/#\/schema\/person\/image\/\"},\"sameAs\":[\"https:\/\/www.facebook.com\/goran.pirsh\"]}]}<\/script>\n<!-- \/ Yoast SEO plugin. -->","yoast_head_json":{"title":"Fotografiranje vjen\u010danja Zagreb - Goran Pir\u0161","description":"Fotografiranje vjen\u010danja, Zagreb i Hrvatska. Moja misija je neprimjetno zabilje\u017eiti tople, spontane trenutke i ispri\u010dati va\u0161u pri\u010du","robots":{"index":"noindex","follow":"follow","max-snippet":"max-snippet:-1","max-image-preview":"max-image-preview:large","max-video-preview":"max-video-preview:-1"},"og_locale":"en_US","og_type":"article","og_title":"Fotografiranje vjen\u010danja Zagreb - Goran Pir\u0161","og_description":"Fotografiranje vjen\u010danja, Zagreb i Hrvatska. Moja misija je neprimjetno zabilje\u017eiti tople, spontane trenutke i ispri\u010dati va\u0161u pri\u010du","og_url":"https:\/\/goranpirs.photo\/wp67\/fotografiranje-vjencanja\/","og_site_name":"Goran Pir\u0161","article_publisher":"https:\/\/www.facebook.com\/goran.pirsh","article_modified_time":"2025-03-17T18:10:02+00:00","twitter_card":"summary_large_image","twitter_misc":{"Est. reading time":"1 minute"},"schema":{"@context":"https:\/\/schema.org","@graph":[{"@type":"WebPage","@id":"https:\/\/goranpirs.photo\/wp67\/fotografiranje-vjencanja\/","url":"https:\/\/goranpirs.photo\/wp67\/fotografiranje-vjencanja\/","name":"Fotografiranje vjen\u010danja Zagreb - Goran Pir\u0161","isPartOf":{"@id":"https:\/\/goranpirs.photo\/wp67\/#website"},"datePublished":"2022-02-14T22:08:29+00:00","dateModified":"2025-03-17T18:10:02+00:00","description":"Fotografiranje vjen\u010danja, Zagreb i Hrvatska. Moja misija je neprimjetno zabilje\u017eiti tople, spontane trenutke i ispri\u010dati va\u0161u pri\u010du","breadcrumb":{"@id":"https:\/\/goranpirs.photo\/wp67\/fotografiranje-vjencanja\/#breadcrumb"},"inLanguage":"en-US","potentialAction":[{"@type":"ReadAction","target":["https:\/\/goranpirs.photo\/wp67\/fotografiranje-vjencanja\/"]}]},{"@type":"BreadcrumbList","@id":"https:\/\/goranpirs.photo\/wp67\/fotografiranje-vjencanja\/#breadcrumb","itemListElement":[{"@type":"ListItem","position":1,"name":"Home","item":"https:\/\/goranpirs.photo\/wp67\/"},{"@type":"ListItem","position":2,"name":"Fotografiranje vjen\u010danja Zagreb"}]},{"@type":"WebSite","@id":"https:\/\/goranpirs.photo\/wp67\/#website","url":"https:\/\/goranpirs.photo\/wp67\/","name":"Goran Pir\u0161","description":"Fotograf vjen\u010danja zagreb, krstitke,  obiteljski fotograf, nektretnine, portreti, ljubimce...","publisher":{"@id":"https:\/\/goranpirs.photo\/wp67\/#\/schema\/person\/2ff35888489d84412fb5030ab30f9424"},"potentialAction":[{"@type":"SearchAction","target":{"@type":"EntryPoint","urlTemplate":"https:\/\/goranpirs.photo\/wp67\/?s={search_term_string}"},"query-input":{"@type":"PropertyValueSpecification","valueRequired":true,"valueName":"search_term_string"}}],"inLanguage":"en-US"},{"@type":["Person","Organization"],"@id":"https:\/\/goranpirs.photo\/wp67\/#\/schema\/person\/2ff35888489d84412fb5030ab30f9424","name":"goran","image":{"@type":"ImageObject","inLanguage":"en-US","@id":"https:\/\/goranpirs.photo\/wp67\/#\/schema\/person\/image\/","url":"https:\/\/goranpirs.photo\/wp67\/wp-content\/uploads\/2022\/02\/drvo-PNG.png","contentUrl":"https:\/\/goranpirs.photo\/wp67\/wp-content\/uploads\/2022\/02\/drvo-PNG.png","width":356,"height":321,"caption":"goran"},"logo":{"@id":"https:\/\/goranpirs.photo\/wp67\/#\/schema\/person\/image\/"},"sameAs":["https:\/\/www.facebook.com\/goran.pirsh"]}]}},"taxonomy_info":[],"featured_image_src_large":false,"author_info":{"display_name":"goran","author_link":"https:\/\/goranpirs.photo\/wp67\/author\/goran\/"},"comment_info":0,"_links":{"self":[{"href":"https:\/\/goranpirs.photo\/wp67\/wp-json\/wp\/v2\/pages\/2384","targetHints":{"allow":["GET"]}}],"collection":[{"href":"https:\/\/goranpirs.photo\/wp67\/wp-json\/wp\/v2\/pages"}],"about":[{"href":"https:\/\/goranpirs.photo\/wp67\/wp-json\/wp\/v2\/types\/page"}],"author":[{"embeddable":true,"href":"https:\/\/goranpirs.photo\/wp67\/wp-json\/wp\/v2\/users\/1"}],"replies":[{"embeddable":true,"href":"https:\/\/goranpirs.photo\/wp67\/wp-json\/wp\/v2\/comments?post=2384"}],"version-history":[{"count":2,"href":"https:\/\/goranpirs.photo\/wp67\/wp-json\/wp\/v2\/pages\/2384\/revisions"}],"predecessor-version":[{"id":6489,"href":"https:\/\/goranpirs.photo\/wp67\/wp-json\/wp\/v2\/pages\/2384\/revisions\/6489"}],"wp:attachment":[{"href":"https:\/\/goranpirs.photo\/wp67\/wp-json\/wp\/v2\/media?parent=2384"}],"curies":[{"name":"wp","href":"https:\/\/api.w.org\/{rel}","templated":true}]}}