{"id":5098,"date":"2023-10-24T13:37:19","date_gmt":"2023-10-24T12:37:19","guid":{"rendered":"https:\/\/goranpirs.photo\/wp67\/?page_id=5098"},"modified":"2025-06-14T23:24:53","modified_gmt":"2025-06-14T22:24:53","slug":"trudnicko-fotografiranje-zagreb","status":"publish","type":"page","link":"https:\/\/goranpirs.photo\/wp67\/trudnicko-fotografiranje-zagreb\/","title":{"rendered":"Fotografiranje trudnica u prirodi"},"content":{"rendered":"<div\nclass=\"\n\t\tflo-block\n\t\tflo-block-text flo-block-text--align-center\" style=\"\n\t\t--block-width:100%;\n    --top-margin: 0px;\n    --bottom-margin: 0px;\n    --mobile-top-margin: 0px;\n    --mobile-bottom-margin: 0px;\n    --elements-color: var(--scheme_1--text--default);\n    --pre-title-color: var(--scheme_1--overline--default);\n    --pre-title-font-style : normal;--pre-title-font-weight : regular;--pre-title-font-family : Open Sans;--pre-title-line-height : 1;--pre-title-font-size : 1em;--pre-title-letter-spacing : 0em;    --title-font-style : normal;--title-font-weight : regular;--title-font-family : Open Sans;--title-line-height : 1;--title-font-size : 1em;--title-letter-spacing : 0em;    --sub-title-font-style : normal;--sub-title-font-weight : regular;--sub-title-font-family : Open Sans;--sub-title-line-height : 1;--sub-title-font-size : 1em;--sub-title-letter-spacing : 0em;    --text-font-style : normal;--text-font-weight : regular;--text-font-family : Open Sans;--text-line-height : 1;--text-font-size : 1em;--text-letter-spacing : 0em;    \" >\n\t\t<div class=\"flo-block-text--wrap\">\n    \t\t\t<h4 class=\"flo-block-text__pretitle\" data-font=\"\">prije nego do\u0111u<\/h4>\n                <h1 class=\"flo-block-text__title\" data-font=\"\">Trudni\u010dko fotografiranje<\/h1>\n        \t\t\t<h3 class=\"flo-block-text__subtitle\" data-font=\"\">zagreb<\/h3>\n                <div class=\"flo-block-text__text-wrapper\">\n            <div class=\"flo-block-text__text\" data-font=\"\">\n                Trudni\u010dko fotografiranje posebno je iskustvo za budu\u0107e roditelje te velik izazov za mene kao fotografa. Zahtjeva veliku senzibilnost i oslu\u0161kivanje \u017eelja i potreba klijenata. Trudno\u0107a je osjetljivo i zahtjevno razdoblje, ali i razdoblje posebne ljepote koju mi je drago ovjekovje\u010diti. Stvaranje novog \u017eivota na poseban nas na\u010din povezuje s prirodom i to je jedan od razloga za\u0161to posebno volim fotografirati trudnice u prirodnom ambijentu. Uz to, priroda nudi obilje motiva i pozadina, daje mogu\u0107nost razli\u010ditog izra\u017eavanja, igre svjetla i sjene, pobu\u0111uje kreativnost i znati\u017eelju, igru i opu\u0161tanje. Va\u0161e ideje su dobrodo\u0161le, svaka obitelj je posebna na svoj na\u010din i zabavno je kad to i poka\u017eete.<br>U sedmom i osmom mjesecu trudno\u0107e trbuh je lijepo zaobljen, a trudnicama je jo\u0161 dovoljno ugodno za \u0161etanje i fotografiranje. Dobrodo\u0161li su i predmeti koji ste bri\u017eno pripremili u is\u010dekivanju svoje prinove. Obujte se i obucite tako da vam bude ugodno kako bi se lak\u0161e opustili i u\u017eivali. \u017delja mi je da vam do\u017eivljaj trudni\u010dkog fotografiranja ostane kao lijepa uspomena na dan proveden u dru\u017eenju, zabavi i istra\u017eivanju te da ispri\u010date pri\u010du o tome kako je na svijet do\u0161la jedna beba.<br>Djeca brzo odrastaju i zanimljivo je kako se mijenjaju. Izuzetno mi je drago ste\u0107i povjerenje obitelji i pratiti rast mali\u0161ana iz godine u godinu. Opu\u0161tena\u00a0<a href=\"https:\/\/goranpirs.photo\/wp67\/gallery\/tara-nina\/\">obiteljska fotografiranja<\/a>\u00a0u vlastitom domu u svakodnevnim aktivnostima, igri i zabavi odli\u010dna su prilika za hvatanje iskrenih trenutaka izme\u0111u djece i roditelja. Piknik i zabava\u00a0<a href=\"https:\/\/goranpirs.photo\/wp67\/gallery\/jesesnko-obiteljsko-fotkanje\/\">u prirodi<\/a>\u00a0pobu\u0111uju veliko veselje i nastaju prekrasne fotografije. Formalna obiteljska okupljanja,\u00a0<a href=\"https:\/\/goranpirs.photo\/wp67\/gallery\/fotografiranje-krstenja-malog-adama\/\">kr\u0161tenja<\/a>, pri\u010desti, krizme prilike su kad si svi daju malo vi\u0161e truda i lijepo su sre\u0111eni. Savr\u0161en trenutak za fotografije sa \u0161irom obitelji i obiteljskim prijateljima te fotografiranje djece u igri i dru\u017eenju.<br><br>Facebook:\u00a0<a href=\"https:\/\/www.facebook.com\/goranpirsphotography\/\">Goran Pir\u0161 Photography<\/a><br>Instagram:\u00a0<a href=\"https:\/\/www.instagram.com\/pirs_family_photography\/\">Pir\u0161 Family Photography<\/a><br>            <\/div>\n        <\/div>\n    \t<\/div>\n<\/div>\n\n\n<div class=\"\n\t\tflo-block\n\t\tflo-block-post-cards\n\tflo-block-post-cards--alternating-left\tflo-block-post-cards--not-found\t\" style=\"\n\t--gap-between-items: 2.5em;\n\t--image-height: 18.75em;\n\t--meta-color: var(--scheme_1--overline--accent);\n\t--title-color: var(--scheme_1--text--accent);\n\t--info-background-color: var(--scheme_1--background--accent);\n\t--mobile-image-height: 18.75em;\n\t--mobile-gap-between-items: 1.25em;\n\n\t--top-margin: 0em;\n\t--bottom-margin: 0em;\n\t--mobile-top-margin: 0em;\n\t--mobile-bottom-margin: 0em;\n\t--post-title-font-style : normal;--post-title-font-weight : regular;--post-title-font-family : Open Sans;--post-title-line-height : 1;--post-title-font-size : 1em;--post-title-letter-spacing : 0em;\t--post-date-font-style : normal;--post-date-font-weight : regular;--post-date-font-family : Open Sans;--post-date-line-height : 1;--post-date-font-size : 1em;--post-date-letter-spacing : 0em;\t--post-taxonomy-font-style : normal;--post-taxonomy-font-weight : regular;--post-taxonomy-font-family : Open Sans;--post-taxonomy-line-height : 1;--post-taxonomy-font-size : 1em;--post-taxonomy-letter-spacing : 0em;\t \" >\n\t\n\t\t\t<h1>Not Found.<\/h1>\n\t\t\t<br>\n\t\t\t<h3>We couldn&#8217;t find what you were looking for.<\/h3>\n\t\t\t<br>\n\t\t\t<a href=\"https:\/\/goranpirs.photo\/wp67\"> Check out Our Home Page <\/a>\n\t\t\t<\/div>\n","protected":false},"excerpt":{"rendered":"","protected":false},"author":1,"featured_media":5161,"parent":0,"menu_order":0,"comment_status":"closed","ping_status":"closed","template":"","meta":{"_kad_blocks_custom_css":"","_kad_blocks_head_custom_js":"","_kad_blocks_body_custom_js":"","_kad_blocks_footer_custom_js":"","_kadence_starter_templates_imported_post":false,"_kad_post_transparent":"","_kad_post_title":"","_kad_post_layout":"","_kad_post_sidebar_id":"","_kad_post_content_style":"","_kad_post_vertical_padding":"","_kad_post_feature":"","_kad_post_feature_position":"","_kad_post_header":false,"_kad_post_footer":false,"_kad_post_classname":"","footnotes":""},"class_list":["post-5098","page","type-page","status-publish","has-post-thumbnail","hentry"],"fbg_featured_image_src":{"full":["https:\/\/goranpirs.photo\/wp67\/wp-content\/uploads\/trudnicko-fotografiranje-zagreb-0009.jpg",1500,1000,false],"thumbnail":["https:\/\/goranpirs.photo\/wp67\/wp-content\/uploads\/trudnicko-fotografiranje-zagreb-0009-150x150.jpg",150,150,true],"medium":["https:\/\/goranpirs.photo\/wp67\/wp-content\/uploads\/trudnicko-fotografiranje-zagreb-0009-300x200.jpg",300,200,true],"medium_large":["https:\/\/goranpirs.photo\/wp67\/wp-content\/uploads\/trudnicko-fotografiranje-zagreb-0009-768x512.jpg",768,512,true],"large":["https:\/\/goranpirs.photo\/wp67\/wp-content\/uploads\/trudnicko-fotografiranje-zagreb-0009-1024x683.jpg",1024,683,true],"1536x1536":["https:\/\/goranpirs.photo\/wp67\/wp-content\/uploads\/trudnicko-fotografiranje-zagreb-0009.jpg",1500,1000,false],"2048x2048":["https:\/\/goranpirs.photo\/wp67\/wp-content\/uploads\/trudnicko-fotografiranje-zagreb-0009.jpg",1500,1000,false]},"fbg_excerpt":null,"yoast_head":"<!-- This site is optimized with the Yoast SEO plugin v27.1.1 - https:\/\/yoast.com\/product\/yoast-seo-wordpress\/ -->\n<title>Fotografiranje trudnica u prirodi - Goran Pir\u0161<\/title>\n<meta name=\"description\" content=\"Trudni\u010dko fotografiranje posebno je iskustvo za budu\u0107e roditelje. Stvaranje novog \u017eivota povezuje nas s prirodom na poseban na\u010din, zato...\" \/>\n<meta name=\"robots\" content=\"noindex, follow, max-snippet:-1, max-image-preview:large, max-video-preview:-1\" \/>\n<meta property=\"og:locale\" content=\"en_US\" \/>\n<meta property=\"og:type\" content=\"article\" \/>\n<meta property=\"og:title\" content=\"Fotografiranje trudnica u prirodi - Goran Pir\u0161\" \/>\n<meta property=\"og:description\" content=\"Trudni\u010dko fotografiranje posebno je iskustvo za budu\u0107e roditelje. Stvaranje novog \u017eivota povezuje nas s prirodom na poseban na\u010din, zato...\" \/>\n<meta property=\"og:url\" content=\"https:\/\/goranpirs.photo\/wp67\/trudnicko-fotografiranje-zagreb\/\" \/>\n<meta property=\"og:site_name\" content=\"Goran Pir\u0161\" \/>\n<meta property=\"article:publisher\" content=\"https:\/\/www.facebook.com\/goran.pirsh\" \/>\n<meta property=\"article:modified_time\" content=\"2025-06-14T22:24:53+00:00\" \/>\n<meta property=\"og:image\" content=\"https:\/\/goranpirs.photo\/wp67\/wp-content\/uploads\/trudnicko-fotografiranje-zagreb-0009.jpg\" \/>\n\t<meta property=\"og:image:width\" content=\"1500\" \/>\n\t<meta property=\"og:image:height\" content=\"1000\" \/>\n\t<meta property=\"og:image:type\" content=\"image\/jpeg\" \/>\n<meta name=\"twitter:card\" content=\"summary_large_image\" \/>\n<meta name=\"twitter:label1\" content=\"Est. reading time\" \/>\n\t<meta name=\"twitter:data1\" content=\"2 minutes\" \/>\n<script type=\"application\/ld+json\" class=\"yoast-schema-graph\">{\"@context\":\"https:\/\/schema.org\",\"@graph\":[{\"@type\":\"WebPage\",\"@id\":\"https:\/\/goranpirs.photo\/wp67\/trudnicko-fotografiranje-zagreb\/\",\"url\":\"https:\/\/goranpirs.photo\/wp67\/trudnicko-fotografiranje-zagreb\/\",\"name\":\"Fotografiranje trudnica u prirodi - Goran Pir\u0161\",\"isPartOf\":{\"@id\":\"https:\/\/goranpirs.photo\/wp67\/#website\"},\"primaryImageOfPage\":{\"@id\":\"https:\/\/goranpirs.photo\/wp67\/trudnicko-fotografiranje-zagreb\/#primaryimage\"},\"image\":{\"@id\":\"https:\/\/goranpirs.photo\/wp67\/trudnicko-fotografiranje-zagreb\/#primaryimage\"},\"thumbnailUrl\":\"https:\/\/goranpirs.photo\/wp67\/wp-content\/uploads\/trudnicko-fotografiranje-zagreb-0009.jpg\",\"datePublished\":\"2023-10-24T12:37:19+00:00\",\"dateModified\":\"2025-06-14T22:24:53+00:00\",\"description\":\"Trudni\u010dko fotografiranje posebno je iskustvo za budu\u0107e roditelje. Stvaranje novog \u017eivota povezuje nas s prirodom na poseban na\u010din, zato...\",\"breadcrumb\":{\"@id\":\"https:\/\/goranpirs.photo\/wp67\/trudnicko-fotografiranje-zagreb\/#breadcrumb\"},\"inLanguage\":\"en-US\",\"potentialAction\":[{\"@type\":\"ReadAction\",\"target\":[\"https:\/\/goranpirs.photo\/wp67\/trudnicko-fotografiranje-zagreb\/\"]}]},{\"@type\":\"ImageObject\",\"inLanguage\":\"en-US\",\"@id\":\"https:\/\/goranpirs.photo\/wp67\/trudnicko-fotografiranje-zagreb\/#primaryimage\",\"url\":\"https:\/\/goranpirs.photo\/wp67\/wp-content\/uploads\/trudnicko-fotografiranje-zagreb-0009.jpg\",\"contentUrl\":\"https:\/\/goranpirs.photo\/wp67\/wp-content\/uploads\/trudnicko-fotografiranje-zagreb-0009.jpg\",\"width\":1500,\"height\":1000,\"caption\":\"trudnicko fotografiranje zagreb 0009\"},{\"@type\":\"BreadcrumbList\",\"@id\":\"https:\/\/goranpirs.photo\/wp67\/trudnicko-fotografiranje-zagreb\/#breadcrumb\",\"itemListElement\":[{\"@type\":\"ListItem\",\"position\":1,\"name\":\"Home\",\"item\":\"https:\/\/goranpirs.photo\/wp67\/\"},{\"@type\":\"ListItem\",\"position\":2,\"name\":\"Fotografiranje trudnica u prirodi\"}]},{\"@type\":\"WebSite\",\"@id\":\"https:\/\/goranpirs.photo\/wp67\/#website\",\"url\":\"https:\/\/goranpirs.photo\/wp67\/\",\"name\":\"Goran Pir\u0161\",\"description\":\"Fotograf vjen\u010danja zagreb, krstitke,  obiteljski fotograf, nektretnine, portreti, ljubimce...\",\"publisher\":{\"@id\":\"https:\/\/goranpirs.photo\/wp67\/#\/schema\/person\/2ff35888489d84412fb5030ab30f9424\"},\"potentialAction\":[{\"@type\":\"SearchAction\",\"target\":{\"@type\":\"EntryPoint\",\"urlTemplate\":\"https:\/\/goranpirs.photo\/wp67\/?s={search_term_string}\"},\"query-input\":{\"@type\":\"PropertyValueSpecification\",\"valueRequired\":true,\"valueName\":\"search_term_string\"}}],\"inLanguage\":\"en-US\"},{\"@type\":[\"Person\",\"Organization\"],\"@id\":\"https:\/\/goranpirs.photo\/wp67\/#\/schema\/person\/2ff35888489d84412fb5030ab30f9424\",\"name\":\"goran\",\"image\":{\"@type\":\"ImageObject\",\"inLanguage\":\"en-US\",\"@id\":\"https:\/\/goranpirs.photo\/wp67\/#\/schema\/person\/image\/\",\"url\":\"https:\/\/goranpirs.photo\/wp67\/wp-content\/uploads\/2022\/02\/drvo-PNG.png\",\"contentUrl\":\"https:\/\/goranpirs.photo\/wp67\/wp-content\/uploads\/2022\/02\/drvo-PNG.png\",\"width\":356,\"height\":321,\"caption\":\"goran\"},\"logo\":{\"@id\":\"https:\/\/goranpirs.photo\/wp67\/#\/schema\/person\/image\/\"},\"sameAs\":[\"https:\/\/www.facebook.com\/goran.pirsh\"]}]}<\/script>\n<!-- \/ Yoast SEO plugin. -->","yoast_head_json":{"title":"Fotografiranje trudnica u prirodi - Goran Pir\u0161","description":"Trudni\u010dko fotografiranje posebno je iskustvo za budu\u0107e roditelje. Stvaranje novog \u017eivota povezuje nas s prirodom na poseban na\u010din, zato...","robots":{"index":"noindex","follow":"follow","max-snippet":"max-snippet:-1","max-image-preview":"max-image-preview:large","max-video-preview":"max-video-preview:-1"},"og_locale":"en_US","og_type":"article","og_title":"Fotografiranje trudnica u prirodi - Goran Pir\u0161","og_description":"Trudni\u010dko fotografiranje posebno je iskustvo za budu\u0107e roditelje. Stvaranje novog \u017eivota povezuje nas s prirodom na poseban na\u010din, zato...","og_url":"https:\/\/goranpirs.photo\/wp67\/trudnicko-fotografiranje-zagreb\/","og_site_name":"Goran Pir\u0161","article_publisher":"https:\/\/www.facebook.com\/goran.pirsh","article_modified_time":"2025-06-14T22:24:53+00:00","og_image":[{"width":1500,"height":1000,"url":"https:\/\/goranpirs.photo\/wp67\/wp-content\/uploads\/trudnicko-fotografiranje-zagreb-0009.jpg","type":"image\/jpeg"}],"twitter_card":"summary_large_image","twitter_misc":{"Est. reading time":"2 minutes"},"schema":{"@context":"https:\/\/schema.org","@graph":[{"@type":"WebPage","@id":"https:\/\/goranpirs.photo\/wp67\/trudnicko-fotografiranje-zagreb\/","url":"https:\/\/goranpirs.photo\/wp67\/trudnicko-fotografiranje-zagreb\/","name":"Fotografiranje trudnica u prirodi - Goran Pir\u0161","isPartOf":{"@id":"https:\/\/goranpirs.photo\/wp67\/#website"},"primaryImageOfPage":{"@id":"https:\/\/goranpirs.photo\/wp67\/trudnicko-fotografiranje-zagreb\/#primaryimage"},"image":{"@id":"https:\/\/goranpirs.photo\/wp67\/trudnicko-fotografiranje-zagreb\/#primaryimage"},"thumbnailUrl":"https:\/\/goranpirs.photo\/wp67\/wp-content\/uploads\/trudnicko-fotografiranje-zagreb-0009.jpg","datePublished":"2023-10-24T12:37:19+00:00","dateModified":"2025-06-14T22:24:53+00:00","description":"Trudni\u010dko fotografiranje posebno je iskustvo za budu\u0107e roditelje. Stvaranje novog \u017eivota povezuje nas s prirodom na poseban na\u010din, zato...","breadcrumb":{"@id":"https:\/\/goranpirs.photo\/wp67\/trudnicko-fotografiranje-zagreb\/#breadcrumb"},"inLanguage":"en-US","potentialAction":[{"@type":"ReadAction","target":["https:\/\/goranpirs.photo\/wp67\/trudnicko-fotografiranje-zagreb\/"]}]},{"@type":"ImageObject","inLanguage":"en-US","@id":"https:\/\/goranpirs.photo\/wp67\/trudnicko-fotografiranje-zagreb\/#primaryimage","url":"https:\/\/goranpirs.photo\/wp67\/wp-content\/uploads\/trudnicko-fotografiranje-zagreb-0009.jpg","contentUrl":"https:\/\/goranpirs.photo\/wp67\/wp-content\/uploads\/trudnicko-fotografiranje-zagreb-0009.jpg","width":1500,"height":1000,"caption":"trudnicko fotografiranje zagreb 0009"},{"@type":"BreadcrumbList","@id":"https:\/\/goranpirs.photo\/wp67\/trudnicko-fotografiranje-zagreb\/#breadcrumb","itemListElement":[{"@type":"ListItem","position":1,"name":"Home","item":"https:\/\/goranpirs.photo\/wp67\/"},{"@type":"ListItem","position":2,"name":"Fotografiranje trudnica u prirodi"}]},{"@type":"WebSite","@id":"https:\/\/goranpirs.photo\/wp67\/#website","url":"https:\/\/goranpirs.photo\/wp67\/","name":"Goran Pir\u0161","description":"Fotograf vjen\u010danja zagreb, krstitke,  obiteljski fotograf, nektretnine, portreti, ljubimce...","publisher":{"@id":"https:\/\/goranpirs.photo\/wp67\/#\/schema\/person\/2ff35888489d84412fb5030ab30f9424"},"potentialAction":[{"@type":"SearchAction","target":{"@type":"EntryPoint","urlTemplate":"https:\/\/goranpirs.photo\/wp67\/?s={search_term_string}"},"query-input":{"@type":"PropertyValueSpecification","valueRequired":true,"valueName":"search_term_string"}}],"inLanguage":"en-US"},{"@type":["Person","Organization"],"@id":"https:\/\/goranpirs.photo\/wp67\/#\/schema\/person\/2ff35888489d84412fb5030ab30f9424","name":"goran","image":{"@type":"ImageObject","inLanguage":"en-US","@id":"https:\/\/goranpirs.photo\/wp67\/#\/schema\/person\/image\/","url":"https:\/\/goranpirs.photo\/wp67\/wp-content\/uploads\/2022\/02\/drvo-PNG.png","contentUrl":"https:\/\/goranpirs.photo\/wp67\/wp-content\/uploads\/2022\/02\/drvo-PNG.png","width":356,"height":321,"caption":"goran"},"logo":{"@id":"https:\/\/goranpirs.photo\/wp67\/#\/schema\/person\/image\/"},"sameAs":["https:\/\/www.facebook.com\/goran.pirsh"]}]}},"taxonomy_info":[],"featured_image_src_large":["https:\/\/goranpirs.photo\/wp67\/wp-content\/uploads\/trudnicko-fotografiranje-zagreb-0009-1024x683.jpg",1024,683,true],"author_info":{"display_name":"goran","author_link":"https:\/\/goranpirs.photo\/wp67\/author\/goran\/"},"comment_info":0,"_links":{"self":[{"href":"https:\/\/goranpirs.photo\/wp67\/wp-json\/wp\/v2\/pages\/5098","targetHints":{"allow":["GET"]}}],"collection":[{"href":"https:\/\/goranpirs.photo\/wp67\/wp-json\/wp\/v2\/pages"}],"about":[{"href":"https:\/\/goranpirs.photo\/wp67\/wp-json\/wp\/v2\/types\/page"}],"author":[{"embeddable":true,"href":"https:\/\/goranpirs.photo\/wp67\/wp-json\/wp\/v2\/users\/1"}],"replies":[{"embeddable":true,"href":"https:\/\/goranpirs.photo\/wp67\/wp-json\/wp\/v2\/comments?post=5098"}],"version-history":[{"count":1,"href":"https:\/\/goranpirs.photo\/wp67\/wp-json\/wp\/v2\/pages\/5098\/revisions"}],"predecessor-version":[{"id":6501,"href":"https:\/\/goranpirs.photo\/wp67\/wp-json\/wp\/v2\/pages\/5098\/revisions\/6501"}],"wp:featuredmedia":[{"embeddable":true,"href":"https:\/\/goranpirs.photo\/wp67\/wp-json\/wp\/v2\/media\/5161"}],"wp:attachment":[{"href":"https:\/\/goranpirs.photo\/wp67\/wp-json\/wp\/v2\/media?parent=5098"}],"curies":[{"name":"wp","href":"https:\/\/api.w.org\/{rel}","templated":true}]}}