{"id":5135,"date":"2023-10-25T11:18:26","date_gmt":"2023-10-25T10:18:26","guid":{"rendered":"https:\/\/goranpirs.photo\/wp67\/?page_id=5135"},"modified":"2025-01-31T11:35:11","modified_gmt":"2025-01-31T10:35:11","slug":"cijena-fotografiranja-zagreb","status":"publish","type":"page","link":"https:\/\/goranpirs.photo\/wp67\/cijena-fotografiranja-zagreb\/","title":{"rendered":"Cijena fotografiranja"},"content":{"rendered":"<div\nclass=\"\n\t\tflo-block\n\t\tflo-block-text flo-block-text--align-center\" style=\"\n\t\t--block-width:100%;\n    --top-margin: 0px;\n    --bottom-margin: 0px;\n    --mobile-top-margin: 0px;\n    --mobile-bottom-margin: 0px;\n    --elements-color: var(--scheme_1--text--default);\n    --pre-title-color: var(--scheme_1--overline--default);\n    --pre-title-font-style : normal;--pre-title-font-weight : regular;--pre-title-font-family : Open Sans;--pre-title-line-height : 1;--pre-title-font-size : 1em;--pre-title-letter-spacing : 0em;    --title-font-style : normal;--title-font-weight : regular;--title-font-family : Open Sans;--title-line-height : 1;--title-font-size : 1em;--title-letter-spacing : 0em;    --sub-title-font-style : normal;--sub-title-font-weight : regular;--sub-title-font-family : Open Sans;--sub-title-line-height : 1;--sub-title-font-size : 1em;--sub-title-letter-spacing : 0em;    --text-font-style : normal;--text-font-weight : regular;--text-font-family : Open Sans;--text-line-height : 1;--text-font-size : 1em;--text-letter-spacing : 0em;    \" >\n\t\t<div class=\"flo-block-text--wrap\">\n    \t\t\t<h4 class=\"flo-block-text__pretitle\" data-font=\"\">bitna stavka<\/h4>\n                <h1 class=\"flo-block-text__title\" data-font=\"\">Cijene usluga fotografiranja<\/h1>\n        \t\t\t<h3 class=\"flo-block-text__subtitle\" data-font=\"\">ono \u0161to nas ve\u0107inu jako zanima<\/h3>\n                <div class=\"flo-block-text__text-wrapper\">\n            <div class=\"flo-block-text__text\" data-font=\"\">\n                Cijena fotografiranja &#8211; ono \u0161ta nas ve\u0107inu najvi\u0161e zanima uz kvalitetu jest i cijena usluge. <br>Ni\u017ee \u0107ete prona\u0107i cijene naj\u010de\u0161\u0107ih usluga.<br>Da li se mo\u017ee \u017eivjeti od fotkanja? Dobro pitanje, odgovor ovisi o apetitima pojedinaca. Ako tu zapravo jest rije\u010d o pojedincu tj jednoj osobi s kojom, dogovarate, koja fotka i koja isporu\u010duje&#8230; 1 man band. To sam ja. Od web stranice, preko fb insta tikanja, fotkanja, obrade, isporuke, uvijek \u0107ete nai\u0107i na isto lice. Lice koje \u017eivi od fotografije i za fotografiju. Vi zapravo ne pla\u0107ate taj odre\u0111eni broj sati koliko sam svama, nego sve one sate prije samog fotkanja. Sate koje donosi iskustvo rada s mali\u0161anima, iskustvo u stresnim situacijama kao svadbe, iskustvo snala\u017eenja u nepredvi\u0111enim situacijama, ali ono NAJ bitnije u cijeloj pri\u010di jest VA\u0160E iskustvo za koje \u0107ete biti bogatiji. Bitno je da pro\u0111e opu\u0161teno i ugodno jer to se, vjerujte, vidi na fotkama.<br> Iskustvo koje \u0107ete dobiti s fotografom oblikovat \u0107e va\u0161u ideju o fotkanjima nekih nadolaze\u0107ih doga\u0111anja. Zato svoje povjerenje trebati dati dobrom majstoru.<br>            <\/div>\n        <\/div>\n    \t<\/div>\n<\/div>\n\n\n\n<p class=\"wp-block-flo-flo-flex-builder flo-render\"><\/p>\n","protected":false},"excerpt":{"rendered":"","protected":false},"author":1,"featured_media":0,"parent":0,"menu_order":0,"comment_status":"closed","ping_status":"closed","template":"","meta":{"_kad_blocks_custom_css":"","_kad_blocks_head_custom_js":"","_kad_blocks_body_custom_js":"","_kad_blocks_footer_custom_js":"","_kadence_starter_templates_imported_post":false,"_kad_post_transparent":"","_kad_post_title":"","_kad_post_layout":"","_kad_post_sidebar_id":"","_kad_post_content_style":"","_kad_post_vertical_padding":"","_kad_post_feature":"","_kad_post_feature_position":"","_kad_post_header":false,"_kad_post_footer":false,"_kad_post_classname":"","footnotes":""},"class_list":["post-5135","page","type-page","status-publish","hentry"],"fbg_featured_image_src":{"full":false,"thumbnail":false,"medium":false,"medium_large":false,"large":false,"1536x1536":false,"2048x2048":false},"fbg_excerpt":null,"yoast_head":"<!-- This site is optimized with the Yoast SEO plugin v27.1.1 - https:\/\/yoast.com\/product\/yoast-seo-wordpress\/ -->\n<title>Cijena fotografiranja - Goran Pir\u0161 - Zagreb i okolica<\/title>\n<meta name=\"description\" content=\"Cijene fotografiranja - Ono \u0161ta nas ve\u0107inu najvi\u0161e zanima uz kvalitetu jest i cijena usluge. Ovdje \u0107ete prona\u0107i cijene naj\u010de\u0161\u0107ih usluga.\" \/>\n<meta name=\"robots\" content=\"noindex, follow, max-snippet:-1, max-image-preview:large, max-video-preview:-1\" \/>\n<meta property=\"og:locale\" content=\"en_US\" \/>\n<meta property=\"og:type\" content=\"article\" \/>\n<meta property=\"og:title\" content=\"Cijena fotografiranja - Goran Pir\u0161 - Zagreb i okolica\" \/>\n<meta property=\"og:description\" content=\"Cijene fotografiranja - Ono \u0161ta nas ve\u0107inu najvi\u0161e zanima uz kvalitetu jest i cijena usluge. Ovdje \u0107ete prona\u0107i cijene naj\u010de\u0161\u0107ih usluga.\" \/>\n<meta property=\"og:url\" content=\"https:\/\/goranpirs.photo\/wp67\/cijena-fotografiranja-zagreb\/\" \/>\n<meta property=\"og:site_name\" content=\"Goran Pir\u0161\" \/>\n<meta property=\"article:publisher\" content=\"https:\/\/www.facebook.com\/goran.pirsh\" \/>\n<meta property=\"article:modified_time\" content=\"2025-01-31T10:35:11+00:00\" \/>\n<meta name=\"twitter:card\" content=\"summary_large_image\" \/>\n<meta name=\"twitter:label1\" content=\"Est. reading time\" \/>\n\t<meta name=\"twitter:data1\" content=\"2 minutes\" \/>\n<script type=\"application\/ld+json\" class=\"yoast-schema-graph\">{\"@context\":\"https:\/\/schema.org\",\"@graph\":[{\"@type\":\"WebPage\",\"@id\":\"https:\/\/goranpirs.photo\/wp67\/cijena-fotografiranja-zagreb\/\",\"url\":\"https:\/\/goranpirs.photo\/wp67\/cijena-fotografiranja-zagreb\/\",\"name\":\"Cijena fotografiranja - Goran Pir\u0161 - Zagreb i okolica\",\"isPartOf\":{\"@id\":\"https:\/\/goranpirs.photo\/wp67\/#website\"},\"datePublished\":\"2023-10-25T10:18:26+00:00\",\"dateModified\":\"2025-01-31T10:35:11+00:00\",\"description\":\"Cijene fotografiranja - Ono \u0161ta nas ve\u0107inu najvi\u0161e zanima uz kvalitetu jest i cijena usluge. Ovdje \u0107ete prona\u0107i cijene naj\u010de\u0161\u0107ih usluga.\",\"breadcrumb\":{\"@id\":\"https:\/\/goranpirs.photo\/wp67\/cijena-fotografiranja-zagreb\/#breadcrumb\"},\"inLanguage\":\"en-US\",\"potentialAction\":[{\"@type\":\"ReadAction\",\"target\":[\"https:\/\/goranpirs.photo\/wp67\/cijena-fotografiranja-zagreb\/\"]}]},{\"@type\":\"BreadcrumbList\",\"@id\":\"https:\/\/goranpirs.photo\/wp67\/cijena-fotografiranja-zagreb\/#breadcrumb\",\"itemListElement\":[{\"@type\":\"ListItem\",\"position\":1,\"name\":\"Home\",\"item\":\"https:\/\/goranpirs.photo\/wp67\/\"},{\"@type\":\"ListItem\",\"position\":2,\"name\":\"Cijena fotografiranja\"}]},{\"@type\":\"WebSite\",\"@id\":\"https:\/\/goranpirs.photo\/wp67\/#website\",\"url\":\"https:\/\/goranpirs.photo\/wp67\/\",\"name\":\"Goran Pir\u0161\",\"description\":\"Fotograf vjen\u010danja zagreb, krstitke,  obiteljski fotograf, nektretnine, portreti, ljubimce...\",\"publisher\":{\"@id\":\"https:\/\/goranpirs.photo\/wp67\/#\/schema\/person\/2ff35888489d84412fb5030ab30f9424\"},\"potentialAction\":[{\"@type\":\"SearchAction\",\"target\":{\"@type\":\"EntryPoint\",\"urlTemplate\":\"https:\/\/goranpirs.photo\/wp67\/?s={search_term_string}\"},\"query-input\":{\"@type\":\"PropertyValueSpecification\",\"valueRequired\":true,\"valueName\":\"search_term_string\"}}],\"inLanguage\":\"en-US\"},{\"@type\":[\"Person\",\"Organization\"],\"@id\":\"https:\/\/goranpirs.photo\/wp67\/#\/schema\/person\/2ff35888489d84412fb5030ab30f9424\",\"name\":\"goran\",\"image\":{\"@type\":\"ImageObject\",\"inLanguage\":\"en-US\",\"@id\":\"https:\/\/goranpirs.photo\/wp67\/#\/schema\/person\/image\/\",\"url\":\"https:\/\/goranpirs.photo\/wp67\/wp-content\/uploads\/2022\/02\/drvo-PNG.png\",\"contentUrl\":\"https:\/\/goranpirs.photo\/wp67\/wp-content\/uploads\/2022\/02\/drvo-PNG.png\",\"width\":356,\"height\":321,\"caption\":\"goran\"},\"logo\":{\"@id\":\"https:\/\/goranpirs.photo\/wp67\/#\/schema\/person\/image\/\"},\"sameAs\":[\"https:\/\/www.facebook.com\/goran.pirsh\"]}]}<\/script>\n<!-- \/ Yoast SEO plugin. -->","yoast_head_json":{"title":"Cijena fotografiranja - Goran Pir\u0161 - Zagreb i okolica","description":"Cijene fotografiranja - Ono \u0161ta nas ve\u0107inu najvi\u0161e zanima uz kvalitetu jest i cijena usluge. Ovdje \u0107ete prona\u0107i cijene naj\u010de\u0161\u0107ih usluga.","robots":{"index":"noindex","follow":"follow","max-snippet":"max-snippet:-1","max-image-preview":"max-image-preview:large","max-video-preview":"max-video-preview:-1"},"og_locale":"en_US","og_type":"article","og_title":"Cijena fotografiranja - Goran Pir\u0161 - Zagreb i okolica","og_description":"Cijene fotografiranja - Ono \u0161ta nas ve\u0107inu najvi\u0161e zanima uz kvalitetu jest i cijena usluge. Ovdje \u0107ete prona\u0107i cijene naj\u010de\u0161\u0107ih usluga.","og_url":"https:\/\/goranpirs.photo\/wp67\/cijena-fotografiranja-zagreb\/","og_site_name":"Goran Pir\u0161","article_publisher":"https:\/\/www.facebook.com\/goran.pirsh","article_modified_time":"2025-01-31T10:35:11+00:00","twitter_card":"summary_large_image","twitter_misc":{"Est. reading time":"2 minutes"},"schema":{"@context":"https:\/\/schema.org","@graph":[{"@type":"WebPage","@id":"https:\/\/goranpirs.photo\/wp67\/cijena-fotografiranja-zagreb\/","url":"https:\/\/goranpirs.photo\/wp67\/cijena-fotografiranja-zagreb\/","name":"Cijena fotografiranja - Goran Pir\u0161 - Zagreb i okolica","isPartOf":{"@id":"https:\/\/goranpirs.photo\/wp67\/#website"},"datePublished":"2023-10-25T10:18:26+00:00","dateModified":"2025-01-31T10:35:11+00:00","description":"Cijene fotografiranja - Ono \u0161ta nas ve\u0107inu najvi\u0161e zanima uz kvalitetu jest i cijena usluge. Ovdje \u0107ete prona\u0107i cijene naj\u010de\u0161\u0107ih usluga.","breadcrumb":{"@id":"https:\/\/goranpirs.photo\/wp67\/cijena-fotografiranja-zagreb\/#breadcrumb"},"inLanguage":"en-US","potentialAction":[{"@type":"ReadAction","target":["https:\/\/goranpirs.photo\/wp67\/cijena-fotografiranja-zagreb\/"]}]},{"@type":"BreadcrumbList","@id":"https:\/\/goranpirs.photo\/wp67\/cijena-fotografiranja-zagreb\/#breadcrumb","itemListElement":[{"@type":"ListItem","position":1,"name":"Home","item":"https:\/\/goranpirs.photo\/wp67\/"},{"@type":"ListItem","position":2,"name":"Cijena fotografiranja"}]},{"@type":"WebSite","@id":"https:\/\/goranpirs.photo\/wp67\/#website","url":"https:\/\/goranpirs.photo\/wp67\/","name":"Goran Pir\u0161","description":"Fotograf vjen\u010danja zagreb, krstitke,  obiteljski fotograf, nektretnine, portreti, ljubimce...","publisher":{"@id":"https:\/\/goranpirs.photo\/wp67\/#\/schema\/person\/2ff35888489d84412fb5030ab30f9424"},"potentialAction":[{"@type":"SearchAction","target":{"@type":"EntryPoint","urlTemplate":"https:\/\/goranpirs.photo\/wp67\/?s={search_term_string}"},"query-input":{"@type":"PropertyValueSpecification","valueRequired":true,"valueName":"search_term_string"}}],"inLanguage":"en-US"},{"@type":["Person","Organization"],"@id":"https:\/\/goranpirs.photo\/wp67\/#\/schema\/person\/2ff35888489d84412fb5030ab30f9424","name":"goran","image":{"@type":"ImageObject","inLanguage":"en-US","@id":"https:\/\/goranpirs.photo\/wp67\/#\/schema\/person\/image\/","url":"https:\/\/goranpirs.photo\/wp67\/wp-content\/uploads\/2022\/02\/drvo-PNG.png","contentUrl":"https:\/\/goranpirs.photo\/wp67\/wp-content\/uploads\/2022\/02\/drvo-PNG.png","width":356,"height":321,"caption":"goran"},"logo":{"@id":"https:\/\/goranpirs.photo\/wp67\/#\/schema\/person\/image\/"},"sameAs":["https:\/\/www.facebook.com\/goran.pirsh"]}]}},"taxonomy_info":[],"featured_image_src_large":false,"author_info":{"display_name":"goran","author_link":"https:\/\/goranpirs.photo\/wp67\/author\/goran\/"},"comment_info":0,"_links":{"self":[{"href":"https:\/\/goranpirs.photo\/wp67\/wp-json\/wp\/v2\/pages\/5135","targetHints":{"allow":["GET"]}}],"collection":[{"href":"https:\/\/goranpirs.photo\/wp67\/wp-json\/wp\/v2\/pages"}],"about":[{"href":"https:\/\/goranpirs.photo\/wp67\/wp-json\/wp\/v2\/types\/page"}],"author":[{"embeddable":true,"href":"https:\/\/goranpirs.photo\/wp67\/wp-json\/wp\/v2\/users\/1"}],"replies":[{"embeddable":true,"href":"https:\/\/goranpirs.photo\/wp67\/wp-json\/wp\/v2\/comments?post=5135"}],"version-history":[{"count":1,"href":"https:\/\/goranpirs.photo\/wp67\/wp-json\/wp\/v2\/pages\/5135\/revisions"}],"predecessor-version":[{"id":6552,"href":"https:\/\/goranpirs.photo\/wp67\/wp-json\/wp\/v2\/pages\/5135\/revisions\/6552"}],"wp:attachment":[{"href":"https:\/\/goranpirs.photo\/wp67\/wp-json\/wp\/v2\/media?parent=5135"}],"curies":[{"name":"wp","href":"https:\/\/api.w.org\/{rel}","templated":true}]}}