{"id":5967,"date":"2025-01-30T11:36:52","date_gmt":"2025-01-30T10:36:52","guid":{"rendered":"https:\/\/goranpirs.photo\/wp67\/?page_id=5967"},"modified":"2025-11-10T09:25:07","modified_gmt":"2025-11-10T08:25:07","slug":"tecaj-fotografiranja-vjencanja","status":"publish","type":"page","link":"https:\/\/goranpirs.photo\/wp67\/tecaj-fotografiranja-vjencanja\/","title":{"rendered":"Te\u010daj fotografiranja vjen\u010danja"},"content":{"rendered":"\n<div style=\"height:100px\" aria-hidden=\"true\" class=\"wp-block-spacer\"><\/div>\n\n\n<div class=\"wp-block-image\">\n<figure class=\"aligncenter size-full\"><img loading=\"lazy\" decoding=\"async\" width=\"640\" height=\"479\" src=\"https:\/\/goranpirs.photo\/wp67\/wp-content\/uploads\/Tecaj-fotografiranja-vjencanja.jpg\" alt=\"Te\u010daj fotografiranja vjen\u010danja\" class=\"wp-image-5974\" srcset=\"https:\/\/goranpirs.photo\/wp67\/wp-content\/uploads\/Tecaj-fotografiranja-vjencanja.jpg 640w, https:\/\/goranpirs.photo\/wp67\/wp-content\/uploads\/Tecaj-fotografiranja-vjencanja-300x225.jpg 300w\" sizes=\"auto, (max-width: 640px) 100vw, 640px\" \/><\/figure>\n<\/div>\n\n\n<div style=\"height:100px\" aria-hidden=\"true\" class=\"wp-block-spacer\"><\/div>\n\n\n<div\nclass=\"\n\t\tflo-block\n\t\tflo-block-text flo-block-text--align-center\" style=\"\n\t\t--block-width:100%;\n    --top-margin: 0px;\n    --bottom-margin: 0px;\n    --mobile-top-margin: 0px;\n    --mobile-bottom-margin: 0px;\n    --elements-color: var(--scheme_1--text--default);\n    --pre-title-color: var(--scheme_1--overline--default);\n    --pre-title-font-style : normal;--pre-title-font-weight : regular;--pre-title-font-family : Open Sans;--pre-title-line-height : 1;--pre-title-font-size : 1em;--pre-title-letter-spacing : 0em;    --title-font-style : normal;--title-font-weight : regular;--title-font-family : Open Sans;--title-line-height : 1;--title-font-size : 1em;--title-letter-spacing : 0em;    --sub-title-font-style : normal;--sub-title-font-weight : regular;--sub-title-font-family : Open Sans;--sub-title-line-height : 1;--sub-title-font-size : 1em;--sub-title-letter-spacing : 0em;    --text-font-style : normal;--text-font-weight : regular;--text-font-family : Open Sans;--text-line-height : 1;--text-font-size : 1em;--text-letter-spacing : 0em;    \" >\n\t\t<div class=\"flo-block-text--wrap\">\n    \t\t\t<h2 class=\"flo-block-text__pretitle\" data-font=\"\">edukacija fotografa<\/h2>\n                <h1 class=\"flo-block-text__title\" data-font=\"\"><strong>Te\u010daj fotografiranja vjen\u010danja<\/strong><\/h1>\n        \t\t\t<h3 class=\"flo-block-text__subtitle\" data-font=\"\"><strong>Nau\u010dite fotografirati profesionalno<\/strong><\/h3>\n                <div class=\"flo-block-text__text-wrapper\">\n            <div class=\"flo-block-text__text\" data-font=\"\">\n                <br><br>Ako \u017eelite unaprijediti svoje vje\u0161tine i postati profesionalni fotograf vjen\u010danja, na pravom ste mjestu. Moj <strong>te\u010daj <a href=\"https:\/\/goranpirs.photo\/wp67\/fotografiranje-vjencanja\/\">fotografiranja vjen\u010danja<\/a><\/strong> pru\u017ea vam prakti\u010dno iskustvo i znanje koje \u0107e vam pomo\u0107i da se izdvojite u industriji.<br><br><br><strong>Program edukacije vjen\u010danja sastoji se od tri klju\u010dna dijela:<\/strong><br><br><br><br><strong>1. Prakti\u010dno fotografiranje (2x8h)<\/strong><br><br><strong>Svakom u\u010deniku pristupam individualno.<\/strong> Uz provjeru va\u0161eg postoje\u0107eg znanja, u\u010dit \u0107u vas samo ono \u0161to vam zaista treba.<br>Pridru\u017eit \u0107ete mi se na dva vjen\u010danja gdje \u0107ete me pratiti u stopu \u2013 gledati, slu\u0161ati i fotografirati. Tijekom ovog <strong>prakti\u010dnog u\u010denja 1 na 1<\/strong>, podijelit \u0107u s vama sve \u0161to smatram va\u017enim, prilago\u0111eno va\u0161em predznanju.<br>Nau\u010dit \u0107ete:<br>\u2714 Kada koristiti koji objektiv i s kakvim postavkama<br>\u2714 \u0160to fotkati da skupite 2500 fotografija od kojih \u0107ete isporu\u010diti oko 1000<br>\u2714 Kako pravilno kadrirati, raditi sa svjetlom i protiv svjetla<br>\u2714 Osnove kompozicije \u2013 tre\u0107ine, zlatni rez, positive\/negative space<br>\u2714 Kori\u0161tenje flasha \u2013 bounce flash, s bijelom karticom, trigere<br>\u2714 Asistiranje s rasvjetom \u2013 softboxi, gridovi, HSS, postavljanje rasvjete u sali<br>\u2714 Kako predvidjeti klju\u010dne trenutke vjen\u010danja i uhvatiti emocije<br>\u2714 Poziranje mladenaca \u2013 kako ih opustiti i voditi kroz session<br>Fotografirat \u0107ete sve klju\u010dne trenutke vjen\u010danja \u2013 od priprema, crkve, slavlja do portreta mladenaca. Nakon svadbi, analizirat \u0107emo va\u0161e fotografije kako biste izbjegli tehni\u010dke gre\u0161ke i unaprijedili svoje fotke.<br><strong>Ono \u0161to je jako bitno jest da mo\u017eete iskoristiti svoje fotografije za vlastiti portfolio i predstavljanje budu\u0107im klijentima.<\/strong><br>Tako\u0111er, upozorit \u0107u vas na sve mogu\u0107e <strong>worst case scenarije<\/strong> koji se mogu dogoditi na vjen\u010danju i kako ih izbje\u0107i.<br><br><br><strong>2. Obrada fotografija (2x2h)<\/strong><br><br>Ovaj dio te\u010daja pokriva <strong>cijeli workflow obrade fotografija<\/strong>:<br>\u2714 Import, culling i efikasna selekcija fotografija<br>\u2714 Brza obrada i kori\u0161tenje Loupedeck+<br>\u2714 Kori\u0161tenje filtera za retro\/vintage efekt i filmski izgled<br>\u2714 Kako obraditi 1500 fotografija u 8 sati<br>\u2714 Slaganje bookova \u2013 brzi workflow i proof-anje klijenata<br>\u2714 Preporuke za tiskare i kvalitetne fotoknjige<br>Pokazat \u0107u vam svoje trikove i podijeliti <strong>preko 50 VSCO filtera<\/strong> za profesionalan izgled fotografija.<br><br><br>Cijena 1. i 2. dijela ovisi o predznanju \u0161to \u0107u lako procjeniti. Kre\u0107e se izme\u0111u 1200\u20ac i 1500\u20ac (ako je potrebno savladati tehni\u010dki aspekt kori\u0161tenja fotoaparata prolazimo i taj dio prije odlaska na vjen\u010danja).  <br><br><br><strong>3. Poslovni dio \u2013 kako prona\u0107i klijente i uspje\u0161no voditi posao<\/strong><br><br>Osim tehni\u010dkog znanja, vjen\u010dana fotografija zahtijeva i <strong>poslovne vje\u0161tine<\/strong>. Zato \u0107ete nau\u010diti:<br>\u2714 Kako privu\u0107i i zadr\u017eati klijente (nakon vjen\u010danja dolazi trudni\u010dko, obiteljsko, kr\u0161tenja, pri\u010desti, krizme&#8230;)<br>\u2714 Efikasno vo\u0111enje poslovanja i organizaciju posla<br>\u2714 Brendiranje, vizualni identitet i dru\u0161tvene mre\u017ee<br>\u2714 Marketin\u0161ke strategije \u2013 sajmovi, oglasi, objave<br>\u2714 Kako uspje\u0161no bukirati 25+ svadbi godi\u0161nje<br><br>Cijena tre\u0107ag dijela ovisi o \u017eeljama i tematici koju prolazimo.<br><br><br><br><strong>Za\u0161to ba\u0161 moj te\u010daj fotografiranja vjen\u010danja?<\/strong><br><br>Za razliku od klasi\u010dnih \u0161kola fotografiranja, kod mene ne\u0107ete gubiti vrijeme na nepotrebne lekcije. <strong>U\u010dit \u0107ete isklju\u010divo ono \u0161to vam treba \u2013 kroz stvarno iskustvo i individualan pristup.<\/strong><br>Ako ste zainteresirani za <strong>foto te\u010daj<\/strong>, <strong>\u0161kolu fotografiranja<\/strong> ili jednostavno \u017eelite <strong>nau\u010diti fotografirati<\/strong> vjen\u010danja na profesionalnoj razini, ovaj program je sve \u0161to vam treba.<br><br><br><br><strong>Prijavite se i zapo\u010dnite svoje putovanje prema uspje\u0161noj karijeri <a href=\"https:\/\/goranpirs.photo\/wp67\">vjen\u010danog fotografa<\/a>!<\/strong><br>            <\/div>\n        <\/div>\n    \t<\/div>\n<\/div>\n\n\n\n\n\t\t<div\n\t\t\t\tclass=\"flo-block flo-block-button \"\n\t\t\t\tstyle=\"--background-color:var(--scheme_1--button--background--default);\n\t\t\t\t\t--label-color: var(--scheme_1--button--text--default);\n\t\t\t\t\t--background-hover-color: var(--scheme_1--button--background--hover);\n\t\t\t\t\t--label-hover-color: var(--scheme_1--button--text--hover);\n\t\t\t\t\t--top-margin:0em;\n\t\t\t\t\t--bottom-margin:0em;\n\t\t\t\t\t--mobile-top-margin:0em;\n\t\t\t\t\t--mobile-bottom-margin:0em;\n\t\t\t\t\t--border-radius: 0em;\">\n\t\t\t<a\n\t\tstyle=\"\n\t\tpadding: 1rem 1.5625rem;\n\t\t--flo-button-font-style : normal;--flo-button-font-weight : regular;--flo-button-font-family : Open Sans;--flo-button-line-height : 1;--flo-button-font-size : 1em;--flo-button-letter-spacing : 0em;\"\n\tclass=\"wp-block-button__link flo-generic-button flo-generic-button--scheme-1\"\n\tdata-font= \"third_level\/primary_cta\"\n\t\t\thref=\"https:\/\/wa.me\/[+385959103125]\">\n\t \t\tkontakt whats&#8217;app\t\t<\/a>\n\t\t<\/div>\n\t\t\t","protected":false},"excerpt":{"rendered":"","protected":false},"author":1,"featured_media":5968,"parent":0,"menu_order":0,"comment_status":"closed","ping_status":"closed","template":"","meta":{"_kad_blocks_custom_css":"","_kad_blocks_head_custom_js":"","_kad_blocks_body_custom_js":"","_kad_blocks_footer_custom_js":"","_kadence_starter_templates_imported_post":false,"_kad_post_transparent":"","_kad_post_title":"","_kad_post_layout":"","_kad_post_sidebar_id":"","_kad_post_content_style":"","_kad_post_vertical_padding":"","_kad_post_feature":"","_kad_post_feature_position":"","_kad_post_header":false,"_kad_post_footer":false,"_kad_post_classname":"","footnotes":""},"class_list":["post-5967","page","type-page","status-publish","has-post-thumbnail","hentry"],"fbg_featured_image_src":{"full":["https:\/\/goranpirs.photo\/wp67\/wp-content\/uploads\/Canon_EOS_mode_dial.jpg",640,479,false],"thumbnail":["https:\/\/goranpirs.photo\/wp67\/wp-content\/uploads\/Canon_EOS_mode_dial-150x150.jpg",150,150,true],"medium":["https:\/\/goranpirs.photo\/wp67\/wp-content\/uploads\/Canon_EOS_mode_dial-300x225.jpg",300,225,true],"medium_large":["https:\/\/goranpirs.photo\/wp67\/wp-content\/uploads\/Canon_EOS_mode_dial.jpg",640,479,false],"large":["https:\/\/goranpirs.photo\/wp67\/wp-content\/uploads\/Canon_EOS_mode_dial.jpg",640,479,false],"1536x1536":["https:\/\/goranpirs.photo\/wp67\/wp-content\/uploads\/Canon_EOS_mode_dial.jpg",640,479,false],"2048x2048":["https:\/\/goranpirs.photo\/wp67\/wp-content\/uploads\/Canon_EOS_mode_dial.jpg",640,479,false]},"fbg_excerpt":null,"yoast_head":"<!-- This site is optimized with the Yoast SEO plugin v27.1.1 - https:\/\/yoast.com\/product\/yoast-seo-wordpress\/ -->\n<title>Te\u010daj fotografiranja vjen\u010danja - Goran Pir\u0161<\/title>\n<meta name=\"description\" content=\"\u017delite unaprijediti svoje vje\u0161tine i postati fotograf vjen\u010danja, na pravom ste mjestu. Ne gubite vrijeme na gre\u0161ke, nau\u010dite iz mojih.\" \/>\n<meta name=\"robots\" content=\"noindex, follow, max-snippet:-1, max-image-preview:large, max-video-preview:-1\" \/>\n<meta property=\"og:locale\" content=\"en_US\" \/>\n<meta property=\"og:type\" content=\"article\" \/>\n<meta property=\"og:title\" content=\"Te\u010daj fotografiranja vjen\u010danja - Goran Pir\u0161\" \/>\n<meta property=\"og:description\" content=\"\u017delite unaprijediti svoje vje\u0161tine i postati fotograf vjen\u010danja, na pravom ste mjestu. Ne gubite vrijeme na gre\u0161ke, nau\u010dite iz mojih.\" \/>\n<meta property=\"og:url\" content=\"https:\/\/goranpirs.photo\/wp67\/tecaj-fotografiranja-vjencanja\/\" \/>\n<meta property=\"og:site_name\" content=\"Goran Pir\u0161\" \/>\n<meta property=\"article:publisher\" content=\"https:\/\/www.facebook.com\/goran.pirsh\" \/>\n<meta property=\"article:modified_time\" content=\"2025-11-10T08:25:07+00:00\" \/>\n<meta property=\"og:image\" content=\"https:\/\/goranpirs.photo\/wp67\/wp-content\/uploads\/Canon_EOS_mode_dial.jpg\" \/>\n\t<meta property=\"og:image:width\" content=\"640\" \/>\n\t<meta property=\"og:image:height\" content=\"479\" \/>\n\t<meta property=\"og:image:type\" content=\"image\/jpeg\" \/>\n<meta name=\"twitter:card\" content=\"summary_large_image\" \/>\n<meta name=\"twitter:label1\" content=\"Est. reading time\" \/>\n\t<meta name=\"twitter:data1\" content=\"3 minutes\" \/>\n<script type=\"application\/ld+json\" class=\"yoast-schema-graph\">{\"@context\":\"https:\/\/schema.org\",\"@graph\":[{\"@type\":\"WebPage\",\"@id\":\"https:\/\/goranpirs.photo\/wp67\/tecaj-fotografiranja-vjencanja\/\",\"url\":\"https:\/\/goranpirs.photo\/wp67\/tecaj-fotografiranja-vjencanja\/\",\"name\":\"Te\u010daj fotografiranja vjen\u010danja - Goran Pir\u0161\",\"isPartOf\":{\"@id\":\"https:\/\/goranpirs.photo\/wp67\/#website\"},\"primaryImageOfPage\":{\"@id\":\"https:\/\/goranpirs.photo\/wp67\/tecaj-fotografiranja-vjencanja\/#primaryimage\"},\"image\":{\"@id\":\"https:\/\/goranpirs.photo\/wp67\/tecaj-fotografiranja-vjencanja\/#primaryimage\"},\"thumbnailUrl\":\"https:\/\/goranpirs.photo\/wp67\/wp-content\/uploads\/Canon_EOS_mode_dial.jpg\",\"datePublished\":\"2025-01-30T10:36:52+00:00\",\"dateModified\":\"2025-11-10T08:25:07+00:00\",\"description\":\"\u017delite unaprijediti svoje vje\u0161tine i postati fotograf vjen\u010danja, na pravom ste mjestu. Ne gubite vrijeme na gre\u0161ke, nau\u010dite iz mojih.\",\"breadcrumb\":{\"@id\":\"https:\/\/goranpirs.photo\/wp67\/tecaj-fotografiranja-vjencanja\/#breadcrumb\"},\"inLanguage\":\"en-US\",\"potentialAction\":[{\"@type\":\"ReadAction\",\"target\":[\"https:\/\/goranpirs.photo\/wp67\/tecaj-fotografiranja-vjencanja\/\"]}]},{\"@type\":\"ImageObject\",\"inLanguage\":\"en-US\",\"@id\":\"https:\/\/goranpirs.photo\/wp67\/tecaj-fotografiranja-vjencanja\/#primaryimage\",\"url\":\"https:\/\/goranpirs.photo\/wp67\/wp-content\/uploads\/Canon_EOS_mode_dial.jpg\",\"contentUrl\":\"https:\/\/goranpirs.photo\/wp67\/wp-content\/uploads\/Canon_EOS_mode_dial.jpg\",\"width\":640,\"height\":479,\"caption\":\"Canon EOS mode M\"},{\"@type\":\"BreadcrumbList\",\"@id\":\"https:\/\/goranpirs.photo\/wp67\/tecaj-fotografiranja-vjencanja\/#breadcrumb\",\"itemListElement\":[{\"@type\":\"ListItem\",\"position\":1,\"name\":\"Home\",\"item\":\"https:\/\/goranpirs.photo\/wp67\/\"},{\"@type\":\"ListItem\",\"position\":2,\"name\":\"Te\u010daj fotografiranja vjen\u010danja\"}]},{\"@type\":\"WebSite\",\"@id\":\"https:\/\/goranpirs.photo\/wp67\/#website\",\"url\":\"https:\/\/goranpirs.photo\/wp67\/\",\"name\":\"Goran Pir\u0161\",\"description\":\"Fotograf vjen\u010danja zagreb, krstitke,  obiteljski fotograf, nektretnine, portreti, ljubimce...\",\"publisher\":{\"@id\":\"https:\/\/goranpirs.photo\/wp67\/#\/schema\/person\/2ff35888489d84412fb5030ab30f9424\"},\"potentialAction\":[{\"@type\":\"SearchAction\",\"target\":{\"@type\":\"EntryPoint\",\"urlTemplate\":\"https:\/\/goranpirs.photo\/wp67\/?s={search_term_string}\"},\"query-input\":{\"@type\":\"PropertyValueSpecification\",\"valueRequired\":true,\"valueName\":\"search_term_string\"}}],\"inLanguage\":\"en-US\"},{\"@type\":[\"Person\",\"Organization\"],\"@id\":\"https:\/\/goranpirs.photo\/wp67\/#\/schema\/person\/2ff35888489d84412fb5030ab30f9424\",\"name\":\"goran\",\"image\":{\"@type\":\"ImageObject\",\"inLanguage\":\"en-US\",\"@id\":\"https:\/\/goranpirs.photo\/wp67\/#\/schema\/person\/image\/\",\"url\":\"https:\/\/goranpirs.photo\/wp67\/wp-content\/uploads\/2022\/02\/drvo-PNG.png\",\"contentUrl\":\"https:\/\/goranpirs.photo\/wp67\/wp-content\/uploads\/2022\/02\/drvo-PNG.png\",\"width\":356,\"height\":321,\"caption\":\"goran\"},\"logo\":{\"@id\":\"https:\/\/goranpirs.photo\/wp67\/#\/schema\/person\/image\/\"},\"sameAs\":[\"https:\/\/www.facebook.com\/goran.pirsh\"]}]}<\/script>\n<!-- \/ Yoast SEO plugin. -->","yoast_head_json":{"title":"Te\u010daj fotografiranja vjen\u010danja - Goran Pir\u0161","description":"\u017delite unaprijediti svoje vje\u0161tine i postati fotograf vjen\u010danja, na pravom ste mjestu. Ne gubite vrijeme na gre\u0161ke, nau\u010dite iz mojih.","robots":{"index":"noindex","follow":"follow","max-snippet":"max-snippet:-1","max-image-preview":"max-image-preview:large","max-video-preview":"max-video-preview:-1"},"og_locale":"en_US","og_type":"article","og_title":"Te\u010daj fotografiranja vjen\u010danja - Goran Pir\u0161","og_description":"\u017delite unaprijediti svoje vje\u0161tine i postati fotograf vjen\u010danja, na pravom ste mjestu. Ne gubite vrijeme na gre\u0161ke, nau\u010dite iz mojih.","og_url":"https:\/\/goranpirs.photo\/wp67\/tecaj-fotografiranja-vjencanja\/","og_site_name":"Goran Pir\u0161","article_publisher":"https:\/\/www.facebook.com\/goran.pirsh","article_modified_time":"2025-11-10T08:25:07+00:00","og_image":[{"width":640,"height":479,"url":"https:\/\/goranpirs.photo\/wp67\/wp-content\/uploads\/Canon_EOS_mode_dial.jpg","type":"image\/jpeg"}],"twitter_card":"summary_large_image","twitter_misc":{"Est. reading time":"3 minutes"},"schema":{"@context":"https:\/\/schema.org","@graph":[{"@type":"WebPage","@id":"https:\/\/goranpirs.photo\/wp67\/tecaj-fotografiranja-vjencanja\/","url":"https:\/\/goranpirs.photo\/wp67\/tecaj-fotografiranja-vjencanja\/","name":"Te\u010daj fotografiranja vjen\u010danja - Goran Pir\u0161","isPartOf":{"@id":"https:\/\/goranpirs.photo\/wp67\/#website"},"primaryImageOfPage":{"@id":"https:\/\/goranpirs.photo\/wp67\/tecaj-fotografiranja-vjencanja\/#primaryimage"},"image":{"@id":"https:\/\/goranpirs.photo\/wp67\/tecaj-fotografiranja-vjencanja\/#primaryimage"},"thumbnailUrl":"https:\/\/goranpirs.photo\/wp67\/wp-content\/uploads\/Canon_EOS_mode_dial.jpg","datePublished":"2025-01-30T10:36:52+00:00","dateModified":"2025-11-10T08:25:07+00:00","description":"\u017delite unaprijediti svoje vje\u0161tine i postati fotograf vjen\u010danja, na pravom ste mjestu. Ne gubite vrijeme na gre\u0161ke, nau\u010dite iz mojih.","breadcrumb":{"@id":"https:\/\/goranpirs.photo\/wp67\/tecaj-fotografiranja-vjencanja\/#breadcrumb"},"inLanguage":"en-US","potentialAction":[{"@type":"ReadAction","target":["https:\/\/goranpirs.photo\/wp67\/tecaj-fotografiranja-vjencanja\/"]}]},{"@type":"ImageObject","inLanguage":"en-US","@id":"https:\/\/goranpirs.photo\/wp67\/tecaj-fotografiranja-vjencanja\/#primaryimage","url":"https:\/\/goranpirs.photo\/wp67\/wp-content\/uploads\/Canon_EOS_mode_dial.jpg","contentUrl":"https:\/\/goranpirs.photo\/wp67\/wp-content\/uploads\/Canon_EOS_mode_dial.jpg","width":640,"height":479,"caption":"Canon EOS mode M"},{"@type":"BreadcrumbList","@id":"https:\/\/goranpirs.photo\/wp67\/tecaj-fotografiranja-vjencanja\/#breadcrumb","itemListElement":[{"@type":"ListItem","position":1,"name":"Home","item":"https:\/\/goranpirs.photo\/wp67\/"},{"@type":"ListItem","position":2,"name":"Te\u010daj fotografiranja vjen\u010danja"}]},{"@type":"WebSite","@id":"https:\/\/goranpirs.photo\/wp67\/#website","url":"https:\/\/goranpirs.photo\/wp67\/","name":"Goran Pir\u0161","description":"Fotograf vjen\u010danja zagreb, krstitke,  obiteljski fotograf, nektretnine, portreti, ljubimce...","publisher":{"@id":"https:\/\/goranpirs.photo\/wp67\/#\/schema\/person\/2ff35888489d84412fb5030ab30f9424"},"potentialAction":[{"@type":"SearchAction","target":{"@type":"EntryPoint","urlTemplate":"https:\/\/goranpirs.photo\/wp67\/?s={search_term_string}"},"query-input":{"@type":"PropertyValueSpecification","valueRequired":true,"valueName":"search_term_string"}}],"inLanguage":"en-US"},{"@type":["Person","Organization"],"@id":"https:\/\/goranpirs.photo\/wp67\/#\/schema\/person\/2ff35888489d84412fb5030ab30f9424","name":"goran","image":{"@type":"ImageObject","inLanguage":"en-US","@id":"https:\/\/goranpirs.photo\/wp67\/#\/schema\/person\/image\/","url":"https:\/\/goranpirs.photo\/wp67\/wp-content\/uploads\/2022\/02\/drvo-PNG.png","contentUrl":"https:\/\/goranpirs.photo\/wp67\/wp-content\/uploads\/2022\/02\/drvo-PNG.png","width":356,"height":321,"caption":"goran"},"logo":{"@id":"https:\/\/goranpirs.photo\/wp67\/#\/schema\/person\/image\/"},"sameAs":["https:\/\/www.facebook.com\/goran.pirsh"]}]}},"taxonomy_info":[],"featured_image_src_large":["https:\/\/goranpirs.photo\/wp67\/wp-content\/uploads\/Canon_EOS_mode_dial.jpg",640,479,false],"author_info":{"display_name":"goran","author_link":"https:\/\/goranpirs.photo\/wp67\/author\/goran\/"},"comment_info":0,"_links":{"self":[{"href":"https:\/\/goranpirs.photo\/wp67\/wp-json\/wp\/v2\/pages\/5967","targetHints":{"allow":["GET"]}}],"collection":[{"href":"https:\/\/goranpirs.photo\/wp67\/wp-json\/wp\/v2\/pages"}],"about":[{"href":"https:\/\/goranpirs.photo\/wp67\/wp-json\/wp\/v2\/types\/page"}],"author":[{"embeddable":true,"href":"https:\/\/goranpirs.photo\/wp67\/wp-json\/wp\/v2\/users\/1"}],"replies":[{"embeddable":true,"href":"https:\/\/goranpirs.photo\/wp67\/wp-json\/wp\/v2\/comments?post=5967"}],"version-history":[{"count":4,"href":"https:\/\/goranpirs.photo\/wp67\/wp-json\/wp\/v2\/pages\/5967\/revisions"}],"predecessor-version":[{"id":6548,"href":"https:\/\/goranpirs.photo\/wp67\/wp-json\/wp\/v2\/pages\/5967\/revisions\/6548"}],"wp:featuredmedia":[{"embeddable":true,"href":"https:\/\/goranpirs.photo\/wp67\/wp-json\/wp\/v2\/media\/5968"}],"wp:attachment":[{"href":"https:\/\/goranpirs.photo\/wp67\/wp-json\/wp\/v2\/media?parent=5967"}],"curies":[{"name":"wp","href":"https:\/\/api.w.org\/{rel}","templated":true}]}}