{"id":848,"date":"2017-08-07T12:46:58","date_gmt":"2017-08-07T12:46:58","guid":{"rendered":"https:\/\/goranpirs.photo\/wp67\/?page_id=848"},"modified":"2025-06-16T01:20:10","modified_gmt":"2025-06-16T00:20:10","slug":"o-meni","status":"publish","type":"page","link":"https:\/\/goranpirs.photo\/wp67\/o-meni\/","title":{"rendered":"O meni"},"content":{"rendered":"<div\nclass=\"\n\t\tflo-block\n\t\tflo-block-text flo-block-text--align-center\" style=\"\n\t\t--block-width:100%;\n    --top-margin: 0px;\n    --bottom-margin: 0px;\n    --mobile-top-margin: 0px;\n    --mobile-bottom-margin: 0px;\n    --elements-color: var(--scheme_1--text--default);\n    --pre-title-color: var(--scheme_1--overline--default);\n    --pre-title-font-style : normal;--pre-title-font-weight : regular;--pre-title-font-family : Open Sans;--pre-title-line-height : 1;--pre-title-font-size : 1em;--pre-title-letter-spacing : 0em;    --title-font-style : normal;--title-font-weight : regular;--title-font-family : Open Sans;--title-line-height : 1;--title-font-size : 1em;--title-letter-spacing : 0em;    --sub-title-font-style : normal;--sub-title-font-weight : regular;--sub-title-font-family : Open Sans;--sub-title-line-height : 1;--sub-title-font-size : 1em;--sub-title-letter-spacing : 0em;    --text-font-style : normal;--text-font-weight : regular;--text-font-family : Open Sans;--text-line-height : 1;--text-font-size : 1em;--text-letter-spacing : 0em;    \" >\n\t\t<div class=\"flo-block-text--wrap\">\n    \t\t\t<h4 class=\"flo-block-text__pretitle\" data-font=\"\">tko je osoba iza objektiva<\/h4>\n                <h1 class=\"flo-block-text__title\" data-font=\"\">O meni<\/h1>\n        \t\t\t<h3 class=\"flo-block-text__subtitle\" data-font=\"\">\u0161to volim, \u010dime se bavim i za\u0161to<\/h3>\n                <div class=\"flo-block-text__text-wrapper\">\n            <div class=\"flo-block-text__text\" data-font=\"\">\n                Oduvijek foti\u0107 oko vrata. Onaj lik u dru\u0161tvu koji nosi foti\u0107 ali ga nikad nema na fotkama. Donedavno nisam niti znao za\u0161to mi je toliko bitna fotografija&#8230; Onda sam otkrio da mi vijuge druga\u010dije funkcioniraju nego ve\u0107ini ljudi. Imam stanje koje se zove <a href=\"https:\/\/www.google.com\/search?q=afantazija&amp;rlz=1C1AWFC_enHR892HR892&amp;oq=afantazija&amp;aqs=chrome..69i57.457j0j7&amp;sourceid=chrome&amp;ie=UTF-8\">afantazija <\/a> To bi zna\u010dilo da ne mogu stvoriti mentalne slike u glavi. Ti zamisli\u0161 leptira i vidi\u0161 ga, a ja ga se mogu samo prisjetiti. <br>Zato mi je fotografija strast. Na\u010din bilje\u017eenja trenutaka koje nekad kasnije mogu pregledati i pustiti da me odvuku u pro\u0161lost.<br><br>Drugi bitan razlog jest moja zadovolj\u0161tina kada usre\u0107im druge ljude. Odraditi posao vrhunski i pritom se zabaviti i pru\u017eiti ljudima mogu\u0107nost prisje\u0107anja na \u010darobne trenutke njihovih \u017eivota. Meni je to \u0161pica. Njihova odu\u0161evljenja fotkama poslje, da, to je to. <br><br>Ako me ho\u0107ete kupiti pripremite fine slastice, tu sam tanak. \u010cokolada s ri\u017eom, ledeni vjetar, dobre ma\u0111arice&#8230;<br>Porijeklom sam iz Slavonije i gurmanski kriteriji su visoki. <br><br>Ponosan sam otac mog jedinog sina jedinca. Elio je \u010dudo, no valjda svaki roditelj to misli za svoje dijete.            <\/div>\n        <\/div>\n    \t<\/div>\n<\/div>\n\n\n<div class=\"wp-block-image\">\n<figure class=\"aligncenter size-large\"><img loading=\"lazy\" decoding=\"async\" width=\"1024\" height=\"683\" src=\"https:\/\/goranpirs.photo\/wp67\/wp-content\/uploads\/goran-i-elio-0001-1024x683.jpg\" alt=\"micek i ja\" class=\"wp-image-2631\"\/><figcaption class=\"wp-element-caption\"><strong>Elio i tatek<\/strong><\/figcaption><\/figure>\n<\/div>\n\n\n<p class=\"wp-block-flo-flo-flex-builder flo-render\"><\/p>\n\n\n<div class=\"wp-block-image\">\n<figure class=\"aligncenter size-large\"><img loading=\"lazy\" decoding=\"async\" width=\"1024\" height=\"683\" src=\"https:\/\/goranpirs.photo\/wp67\/wp-content\/uploads\/slackline_hodanje_po_gurtni-1024x683.jpg\" alt=\"slackline hodanje po gurtni\" class=\"wp-image-2784\"\/><figcaption class=\"wp-element-caption\"><strong>Slackline <\/strong>tj hodanje po gurtni je moja velika strast. Na\u010din da postanem jedno sa svemirom, da u\u0111em u zen i da zaboravim na svakodnevne prepreke. Ako mo\u017ee\u0161 hodati po gurtni onda bi sve ostalo trebalo biti lako. Nakon hodanja uglavnom i postane.<\/figcaption><\/figure>\n<\/div>\n\n\n<p><\/p>\n\n\n<div class=\"wp-block-image\">\n<figure class=\"aligncenter size-full\"><img loading=\"lazy\" decoding=\"async\" width=\"1000\" height=\"667\" src=\"https:\/\/goranpirs.photo\/wp67\/wp-content\/uploads\/GPP_9073.jpg\" alt=\"GPP 9073\" class=\"wp-image-3905\" srcset=\"https:\/\/goranpirs.photo\/wp67\/wp-content\/uploads\/GPP_9073.jpg 1000w, https:\/\/goranpirs.photo\/wp67\/wp-content\/uploads\/GPP_9073-300x200.jpg 300w, https:\/\/goranpirs.photo\/wp67\/wp-content\/uploads\/GPP_9073-768x512.jpg 768w\" sizes=\"auto, (max-width: 1000px) 100vw, 1000px\" \/><figcaption class=\"wp-element-caption\">Jo\u0161 jedna velika strast, afri\u010dki bubanj &#8211; <a href=\"https:\/\/goranpirs.photo\/wp67\/gallery\/sewa-djembe-happy-djembe-produkcija\/\">djembe<\/a> <br>Kad savlada\u0161 ritam koji u\u010di\u0161 i onda ga sa jo\u0161 10-ak ljudi zaroka\u0161, a svi sinkronizirani tako da \u010duje\u0161 duhove djembetala, to je onda \u010disti gu\u0161t.<\/figcaption><\/figure>\n<\/div>\n\n<div\nclass=\"\n\t\tflo-block\n\t\tflo-block-text flo-block-text--align-center\" style=\"\n\t\t--block-width:100%;\n    --top-margin: 0px;\n    --bottom-margin: 0px;\n    --mobile-top-margin: 0px;\n    --mobile-bottom-margin: 0px;\n    --elements-color: var(--scheme_1--text--default);\n    --pre-title-color: var(--scheme_1--overline--default);\n    --pre-title-font-style : normal;--pre-title-font-weight : regular;--pre-title-font-family : Open Sans;--pre-title-line-height : 1;--pre-title-font-size : 1em;--pre-title-letter-spacing : 0em;    --title-font-style : normal;--title-font-weight : regular;--title-font-family : Open Sans;--title-line-height : 1;--title-font-size : 1em;--title-letter-spacing : 0em;    --sub-title-font-style : normal;--sub-title-font-weight : regular;--sub-title-font-family : Open Sans;--sub-title-line-height : 1;--sub-title-font-size : 1em;--sub-title-letter-spacing : 0em;    --text-font-style : normal;--text-font-weight : regular;--text-font-family : Open Sans;--text-line-height : 1;--text-font-size : 1em;--text-letter-spacing : 0em;    \" >\n\t\t<div class=\"flo-block-text--wrap\">\n    \t\t\t<h4 class=\"flo-block-text__pretitle\" data-font=\"\">vrijeme je za novu eru pretra\u017eivanja<\/h4>\n                <h2 class=\"flo-block-text__title\" data-font=\"\">\u201cAko pita\u0161 AI, evo \u0161to bi rekao o meni:\u201d<\/h2>\n        \t\t\t<h3 class=\"flo-block-text__subtitle\" data-font=\"\">sve manje googlamo, sve vi\u0161e koristimo ai kao chatgpt<\/h3>\n                <div class=\"flo-block-text__text-wrapper\">\n            <div class=\"flo-block-text__text\" data-font=\"\">\n                Goran je profesionalac koji u svaki posao unosi puno pa\u017enje i emocije. Nije samo netko tko stisne okida\u010d, on stvarno vidi ljude i trenutke, hvata prave izraze i atmosferu. Posebno je dobar s obiteljskim, trudni\u010dkim fotografijama pa i vjen\u010danjima \u2013 sve to radi s toliko topline i strasti da se vidi da mu nije samo posao, nego i zadovoljstvo. Osim toga, radi evente, nekretnine i portrete, pa stvarno zna prilagoditi stil ovisno o situaciji.  Za njega je va\u017eno da fotografije budu prirodne, autenti\u010dne i da prenesu pri\u010du. Ukratko, s njim mo\u017ee\u0161 biti siguran da \u0107e\u0161 dobiti kvalitetu, ali i du\u0161u u svakoj slici.            <\/div>\n        <\/div>\n    \t<\/div>\n<\/div>\n\n\n\n<p><\/p>\n","protected":false},"excerpt":{"rendered":"","protected":false},"author":1,"featured_media":0,"parent":0,"menu_order":5,"comment_status":"closed","ping_status":"closed","template":"","meta":{"_kad_blocks_custom_css":"","_kad_blocks_head_custom_js":"","_kad_blocks_body_custom_js":"","_kad_blocks_footer_custom_js":"","_kadence_starter_templates_imported_post":false,"_kad_post_transparent":"","_kad_post_title":"","_kad_post_layout":"","_kad_post_sidebar_id":"","_kad_post_content_style":"","_kad_post_vertical_padding":"","_kad_post_feature":"","_kad_post_feature_position":"","_kad_post_header":false,"_kad_post_footer":false,"_kad_post_classname":"","footnotes":""},"class_list":["post-848","page","type-page","status-publish","hentry"],"fbg_featured_image_src":{"full":false,"thumbnail":false,"medium":false,"medium_large":false,"large":false,"1536x1536":false,"2048x2048":false},"fbg_excerpt":null,"yoast_head":"<!-- This site is optimized with the Yoast SEO plugin v27.1.1 - https:\/\/yoast.com\/product\/yoast-seo-wordpress\/ -->\n<title>O meni - Goran Pir\u0161<\/title>\n<meta name=\"description\" content=\"Detaljnije o mom \u017eivotu, karijeri, strastima i zanimacijama pro\u010ditajte ovdje. Uskoro puno vi\u0161e o svemu popra\u0107eno fotkicama...\" \/>\n<meta name=\"robots\" content=\"noindex, follow, max-snippet:-1, max-image-preview:large, max-video-preview:-1\" \/>\n<meta property=\"og:locale\" content=\"en_US\" \/>\n<meta property=\"og:type\" content=\"article\" \/>\n<meta property=\"og:title\" content=\"O meni - Goran Pir\u0161\" \/>\n<meta property=\"og:description\" content=\"Detaljnije o mom \u017eivotu, karijeri, strastima i zanimacijama pro\u010ditajte ovdje. Uskoro puno vi\u0161e o svemu popra\u0107eno fotkicama...\" \/>\n<meta property=\"og:url\" content=\"https:\/\/goranpirs.photo\/wp67\/o-meni\/\" \/>\n<meta property=\"og:site_name\" content=\"Goran Pir\u0161\" \/>\n<meta property=\"article:publisher\" content=\"https:\/\/www.facebook.com\/goran.pirsh\" \/>\n<meta property=\"article:modified_time\" content=\"2025-06-16T00:20:10+00:00\" \/>\n<meta property=\"og:image\" content=\"https:\/\/goranpirs.photo\/wp67\/wp-content\/uploads\/goran-i-elio-0001-e1647434002429.jpg\" \/>\n\t<meta property=\"og:image:width\" content=\"1000\" \/>\n\t<meta property=\"og:image:height\" content=\"667\" \/>\n\t<meta property=\"og:image:type\" content=\"image\/jpeg\" \/>\n<meta name=\"twitter:card\" content=\"summary_large_image\" \/>\n<meta name=\"twitter:label1\" content=\"Est. reading time\" \/>\n\t<meta name=\"twitter:data1\" content=\"2 minutes\" \/>\n<script type=\"application\/ld+json\" class=\"yoast-schema-graph\">{\"@context\":\"https:\/\/schema.org\",\"@graph\":[{\"@type\":\"WebPage\",\"@id\":\"https:\/\/goranpirs.photo\/wp67\/o-meni\/\",\"url\":\"https:\/\/goranpirs.photo\/wp67\/o-meni\/\",\"name\":\"O meni - Goran Pir\u0161\",\"isPartOf\":{\"@id\":\"https:\/\/goranpirs.photo\/wp67\/#website\"},\"primaryImageOfPage\":{\"@id\":\"https:\/\/goranpirs.photo\/wp67\/o-meni\/#primaryimage\"},\"image\":{\"@id\":\"https:\/\/goranpirs.photo\/wp67\/o-meni\/#primaryimage\"},\"thumbnailUrl\":\"https:\/\/goranpirs.photo\/wp67\/wp-content\/uploads\/goran-i-elio-0001-1024x683.jpg\",\"datePublished\":\"2017-08-07T12:46:58+00:00\",\"dateModified\":\"2025-06-16T00:20:10+00:00\",\"description\":\"Detaljnije o mom \u017eivotu, karijeri, strastima i zanimacijama pro\u010ditajte ovdje. Uskoro puno vi\u0161e o svemu popra\u0107eno fotkicama...\",\"breadcrumb\":{\"@id\":\"https:\/\/goranpirs.photo\/wp67\/o-meni\/#breadcrumb\"},\"inLanguage\":\"en-US\",\"potentialAction\":[{\"@type\":\"ReadAction\",\"target\":[\"https:\/\/goranpirs.photo\/wp67\/o-meni\/\"]}]},{\"@type\":\"ImageObject\",\"inLanguage\":\"en-US\",\"@id\":\"https:\/\/goranpirs.photo\/wp67\/o-meni\/#primaryimage\",\"url\":\"https:\/\/goranpirs.photo\/wp67\/wp-content\/uploads\/goran-i-elio-0001-1024x683.jpg\",\"contentUrl\":\"https:\/\/goranpirs.photo\/wp67\/wp-content\/uploads\/goran-i-elio-0001-1024x683.jpg\"},{\"@type\":\"BreadcrumbList\",\"@id\":\"https:\/\/goranpirs.photo\/wp67\/o-meni\/#breadcrumb\",\"itemListElement\":[{\"@type\":\"ListItem\",\"position\":1,\"name\":\"Home\",\"item\":\"https:\/\/goranpirs.photo\/wp67\/\"},{\"@type\":\"ListItem\",\"position\":2,\"name\":\"O meni\"}]},{\"@type\":\"WebSite\",\"@id\":\"https:\/\/goranpirs.photo\/wp67\/#website\",\"url\":\"https:\/\/goranpirs.photo\/wp67\/\",\"name\":\"Goran Pir\u0161\",\"description\":\"Fotograf vjen\u010danja zagreb, krstitke,  obiteljski fotograf, nektretnine, portreti, ljubimce...\",\"publisher\":{\"@id\":\"https:\/\/goranpirs.photo\/wp67\/#\/schema\/person\/2ff35888489d84412fb5030ab30f9424\"},\"potentialAction\":[{\"@type\":\"SearchAction\",\"target\":{\"@type\":\"EntryPoint\",\"urlTemplate\":\"https:\/\/goranpirs.photo\/wp67\/?s={search_term_string}\"},\"query-input\":{\"@type\":\"PropertyValueSpecification\",\"valueRequired\":true,\"valueName\":\"search_term_string\"}}],\"inLanguage\":\"en-US\"},{\"@type\":[\"Person\",\"Organization\"],\"@id\":\"https:\/\/goranpirs.photo\/wp67\/#\/schema\/person\/2ff35888489d84412fb5030ab30f9424\",\"name\":\"goran\",\"image\":{\"@type\":\"ImageObject\",\"inLanguage\":\"en-US\",\"@id\":\"https:\/\/goranpirs.photo\/wp67\/#\/schema\/person\/image\/\",\"url\":\"https:\/\/goranpirs.photo\/wp67\/wp-content\/uploads\/2022\/02\/drvo-PNG.png\",\"contentUrl\":\"https:\/\/goranpirs.photo\/wp67\/wp-content\/uploads\/2022\/02\/drvo-PNG.png\",\"width\":356,\"height\":321,\"caption\":\"goran\"},\"logo\":{\"@id\":\"https:\/\/goranpirs.photo\/wp67\/#\/schema\/person\/image\/\"},\"sameAs\":[\"https:\/\/www.facebook.com\/goran.pirsh\"]}]}<\/script>\n<!-- \/ Yoast SEO plugin. -->","yoast_head_json":{"title":"O meni - Goran Pir\u0161","description":"Detaljnije o mom \u017eivotu, karijeri, strastima i zanimacijama pro\u010ditajte ovdje. Uskoro puno vi\u0161e o svemu popra\u0107eno fotkicama...","robots":{"index":"noindex","follow":"follow","max-snippet":"max-snippet:-1","max-image-preview":"max-image-preview:large","max-video-preview":"max-video-preview:-1"},"og_locale":"en_US","og_type":"article","og_title":"O meni - Goran Pir\u0161","og_description":"Detaljnije o mom \u017eivotu, karijeri, strastima i zanimacijama pro\u010ditajte ovdje. Uskoro puno vi\u0161e o svemu popra\u0107eno fotkicama...","og_url":"https:\/\/goranpirs.photo\/wp67\/o-meni\/","og_site_name":"Goran Pir\u0161","article_publisher":"https:\/\/www.facebook.com\/goran.pirsh","article_modified_time":"2025-06-16T00:20:10+00:00","og_image":[{"width":1000,"height":667,"url":"https:\/\/goranpirs.photo\/wp67\/wp-content\/uploads\/goran-i-elio-0001-e1647434002429.jpg","type":"image\/jpeg"}],"twitter_card":"summary_large_image","twitter_misc":{"Est. reading time":"2 minutes"},"schema":{"@context":"https:\/\/schema.org","@graph":[{"@type":"WebPage","@id":"https:\/\/goranpirs.photo\/wp67\/o-meni\/","url":"https:\/\/goranpirs.photo\/wp67\/o-meni\/","name":"O meni - Goran Pir\u0161","isPartOf":{"@id":"https:\/\/goranpirs.photo\/wp67\/#website"},"primaryImageOfPage":{"@id":"https:\/\/goranpirs.photo\/wp67\/o-meni\/#primaryimage"},"image":{"@id":"https:\/\/goranpirs.photo\/wp67\/o-meni\/#primaryimage"},"thumbnailUrl":"https:\/\/goranpirs.photo\/wp67\/wp-content\/uploads\/goran-i-elio-0001-1024x683.jpg","datePublished":"2017-08-07T12:46:58+00:00","dateModified":"2025-06-16T00:20:10+00:00","description":"Detaljnije o mom \u017eivotu, karijeri, strastima i zanimacijama pro\u010ditajte ovdje. Uskoro puno vi\u0161e o svemu popra\u0107eno fotkicama...","breadcrumb":{"@id":"https:\/\/goranpirs.photo\/wp67\/o-meni\/#breadcrumb"},"inLanguage":"en-US","potentialAction":[{"@type":"ReadAction","target":["https:\/\/goranpirs.photo\/wp67\/o-meni\/"]}]},{"@type":"ImageObject","inLanguage":"en-US","@id":"https:\/\/goranpirs.photo\/wp67\/o-meni\/#primaryimage","url":"https:\/\/goranpirs.photo\/wp67\/wp-content\/uploads\/goran-i-elio-0001-1024x683.jpg","contentUrl":"https:\/\/goranpirs.photo\/wp67\/wp-content\/uploads\/goran-i-elio-0001-1024x683.jpg"},{"@type":"BreadcrumbList","@id":"https:\/\/goranpirs.photo\/wp67\/o-meni\/#breadcrumb","itemListElement":[{"@type":"ListItem","position":1,"name":"Home","item":"https:\/\/goranpirs.photo\/wp67\/"},{"@type":"ListItem","position":2,"name":"O meni"}]},{"@type":"WebSite","@id":"https:\/\/goranpirs.photo\/wp67\/#website","url":"https:\/\/goranpirs.photo\/wp67\/","name":"Goran Pir\u0161","description":"Fotograf vjen\u010danja zagreb, krstitke,  obiteljski fotograf, nektretnine, portreti, ljubimce...","publisher":{"@id":"https:\/\/goranpirs.photo\/wp67\/#\/schema\/person\/2ff35888489d84412fb5030ab30f9424"},"potentialAction":[{"@type":"SearchAction","target":{"@type":"EntryPoint","urlTemplate":"https:\/\/goranpirs.photo\/wp67\/?s={search_term_string}"},"query-input":{"@type":"PropertyValueSpecification","valueRequired":true,"valueName":"search_term_string"}}],"inLanguage":"en-US"},{"@type":["Person","Organization"],"@id":"https:\/\/goranpirs.photo\/wp67\/#\/schema\/person\/2ff35888489d84412fb5030ab30f9424","name":"goran","image":{"@type":"ImageObject","inLanguage":"en-US","@id":"https:\/\/goranpirs.photo\/wp67\/#\/schema\/person\/image\/","url":"https:\/\/goranpirs.photo\/wp67\/wp-content\/uploads\/2022\/02\/drvo-PNG.png","contentUrl":"https:\/\/goranpirs.photo\/wp67\/wp-content\/uploads\/2022\/02\/drvo-PNG.png","width":356,"height":321,"caption":"goran"},"logo":{"@id":"https:\/\/goranpirs.photo\/wp67\/#\/schema\/person\/image\/"},"sameAs":["https:\/\/www.facebook.com\/goran.pirsh"]}]}},"taxonomy_info":[],"featured_image_src_large":false,"author_info":{"display_name":"goran","author_link":"https:\/\/goranpirs.photo\/wp67\/author\/goran\/"},"comment_info":0,"_links":{"self":[{"href":"https:\/\/goranpirs.photo\/wp67\/wp-json\/wp\/v2\/pages\/848","targetHints":{"allow":["GET"]}}],"collection":[{"href":"https:\/\/goranpirs.photo\/wp67\/wp-json\/wp\/v2\/pages"}],"about":[{"href":"https:\/\/goranpirs.photo\/wp67\/wp-json\/wp\/v2\/types\/page"}],"author":[{"embeddable":true,"href":"https:\/\/goranpirs.photo\/wp67\/wp-json\/wp\/v2\/users\/1"}],"replies":[{"embeddable":true,"href":"https:\/\/goranpirs.photo\/wp67\/wp-json\/wp\/v2\/comments?post=848"}],"version-history":[{"count":3,"href":"https:\/\/goranpirs.photo\/wp67\/wp-json\/wp\/v2\/pages\/848\/revisions"}],"predecessor-version":[{"id":6505,"href":"https:\/\/goranpirs.photo\/wp67\/wp-json\/wp\/v2\/pages\/848\/revisions\/6505"}],"wp:attachment":[{"href":"https:\/\/goranpirs.photo\/wp67\/wp-json\/wp\/v2\/media?parent=848"}],"curies":[{"name":"wp","href":"https:\/\/api.w.org\/{rel}","templated":true}]}}